{"id":464918,"date":"2025-05-31T22:57:38","date_gmt":"2025-05-31T20:57:38","guid":{"rendered":"https:\/\/lucacastelli.com\/prodotto\/schnittset-7-35cm-pm3\/"},"modified":"2025-06-27T08:07:45","modified_gmt":"2025-06-27T06:07:45","slug":"schnittset-7-35cm-pm3","status":"publish","type":"product","link":"https:\/\/lucacastelli.com\/de\/produkt\/schnittset-7-35cm-pm3\/","title":{"rendered":"Schnittset 7, 35cm, PM3"},"content":{"rendered":"<p>Selbst die beste Kette wird mit der Zeit stumpf. Wenn Sie aber nicht<br \/>\ndie M\u00f6glichkeit haben, Ihre Kette w\u00e4hrend der Arbeit zu sch\u00e4rfen oder<br \/>\nwenn die gesamte Schneidvorrichtung ausgetauscht werden muss, haben<br \/>\nwir die passende L\u00f6sung f\u00fcr Sie. Bei den STIHL Cut Kits handelt es sich um werkzeugspezifische Kombinationen<br \/>\n, bestehend aus zwei Ketten und einer F\u00fchrungsschiene<br \/>\nim Vorteilspaket. So haben Sie immer<br \/>\nund \u00fcberall das passende Schneidger\u00e4t f\u00fcr Ihre<br \/>\nKettens\u00e4ge oder GTA 26 zur Hand.<br \/>\nSo bleiben Sie jederzeit voll einsatzf\u00e4hig!brbr<br \/>\nKit Halter: 2 \u00d7 Ketten, 1 \u00d7 F\u00fchrungsschiene<br \/>\n886661693320    <\/p>\n","protected":false},"excerpt":{"rendered":"<p>Schnittset 7, 35cm, PM3<\/p>\n","protected":false},"featured_media":423729,"template":"","meta":{"_seopress_robots_primary_cat":"","_seopress_titles_title":"","_seopress_titles_desc":"","_seopress_robots_index":""},"product_brand":[3554],"product_cat":[1614,1612,169],"product_tag":[3266],"class_list":{"0":"post-464918","1":"product","2":"type-product","3":"status-publish","4":"has-post-thumbnail","6":"product_brand-stihl-de","7":"product_cat-ketten-und-haspeln","8":"product_cat-kettensagen","9":"product_cat-maschinen","10":"product_tag-import-stihl-de","11":"sws-gruppo-macchinari","12":"sws-conto-ricavi-merci-rivendita-macchinari","13":"sws-gruppo-iva-iva81","15":"first","16":"onbackorder","17":"purchasable","18":"product-type-simple"},"_links":{"self":[{"href":"https:\/\/lucacastelli.com\/de\/wp-json\/wp\/v2\/product\/464918","targetHints":{"allow":["GET"]}}],"collection":[{"href":"https:\/\/lucacastelli.com\/de\/wp-json\/wp\/v2\/product"}],"about":[{"href":"https:\/\/lucacastelli.com\/de\/wp-json\/wp\/v2\/types\/product"}],"wp:featuredmedia":[{"embeddable":true,"href":"https:\/\/lucacastelli.com\/de\/wp-json\/wp\/v2\/media\/423729"}],"wp:attachment":[{"href":"https:\/\/lucacastelli.com\/de\/wp-json\/wp\/v2\/media?parent=464918"}],"wp:term":[{"taxonomy":"product_brand","embeddable":true,"href":"https:\/\/lucacastelli.com\/de\/wp-json\/wp\/v2\/product_brand?post=464918"},{"taxonomy":"product_cat","embeddable":true,"href":"https:\/\/lucacastelli.com\/de\/wp-json\/wp\/v2\/product_cat?post=464918"},{"taxonomy":"product_tag","embeddable":true,"href":"https:\/\/lucacastelli.com\/de\/wp-json\/wp\/v2\/product_tag?post=464918"}],"curies":[{"name":"wp","href":"https:\/\/api.w.org\/{rel}","templated":true}]}}