{"id":464889,"date":"2025-05-31T22:49:25","date_gmt":"2025-05-31T20:49:25","guid":{"rendered":"https:\/\/lucacastelli.com\/prodotto\/fuehrungszahn\/"},"modified":"2026-03-02T14:15:56","modified_gmt":"2026-03-02T13:15:56","slug":"fuehrungszahn","status":"publish","type":"product","link":"https:\/\/lucacastelli.com\/de\/produkt\/fuehrungszahn\/","title":{"rendered":"STIHL Krallenanschlag"},"content":{"rendered":"<p>Abst\u00fctz- und F\u00fchrungsvorrichtung zum Schneiden von Beton und Mauerwerk. Aus geh\u00e4rtetem und verzinktem Stahl, f\u00fcr GS 461.<br \/>\n886661017102 <\/p>\n","protected":false},"excerpt":{"rendered":"<p>Krallenanschlag<\/p>\n","protected":false},"featured_media":423159,"template":"","meta":{"_seopress_robots_primary_cat":"","_seopress_titles_title":"","_seopress_titles_desc":"","_seopress_robots_index":""},"product_brand":[3555],"product_cat":[167,1456,1604],"product_tag":[3267],"class_list":{"0":"post-464889","1":"product","2":"type-product","3":"status-publish","4":"has-post-thumbnail","6":"product_brand-stihl-fr","7":"product_cat-machines","8":"product_cat-accessoires-et-consommables-fr","9":"product_cat-tronconneuses","10":"product_tag-import-stihl-fr","11":"sws-gruppo-macchinari-de","12":"sws-conto-ricavi-merci-rivendita-macchinari-de","13":"sws-gruppo-iva-iva81-de","15":"first","16":"onbackorder","17":"purchasable","18":"product-type-simple"},"_links":{"self":[{"href":"https:\/\/lucacastelli.com\/de\/wp-json\/wp\/v2\/product\/464889","targetHints":{"allow":["GET"]}}],"collection":[{"href":"https:\/\/lucacastelli.com\/de\/wp-json\/wp\/v2\/product"}],"about":[{"href":"https:\/\/lucacastelli.com\/de\/wp-json\/wp\/v2\/types\/product"}],"wp:featuredmedia":[{"embeddable":true,"href":"https:\/\/lucacastelli.com\/de\/wp-json\/wp\/v2\/media\/423159"}],"wp:attachment":[{"href":"https:\/\/lucacastelli.com\/de\/wp-json\/wp\/v2\/media?parent=464889"}],"wp:term":[{"taxonomy":"product_brand","embeddable":true,"href":"https:\/\/lucacastelli.com\/de\/wp-json\/wp\/v2\/product_brand?post=464889"},{"taxonomy":"product_cat","embeddable":true,"href":"https:\/\/lucacastelli.com\/de\/wp-json\/wp\/v2\/product_cat?post=464889"},{"taxonomy":"product_tag","embeddable":true,"href":"https:\/\/lucacastelli.com\/de\/wp-json\/wp\/v2\/product_tag?post=464889"}],"curies":[{"name":"wp","href":"https:\/\/api.w.org\/{rel}","templated":true}]}}