{"id":464884,"date":"2025-05-31T22:56:27","date_gmt":"2025-05-31T20:56:27","guid":{"rendered":"https:\/\/lucacastelli.com\/prodotto\/ms-291-schnittlaenge-40cm-rm\/"},"modified":"2025-06-27T08:07:18","modified_gmt":"2025-06-27T06:07:18","slug":"ms-291-schnittlaenge-40cm-rm","status":"publish","type":"product","link":"https:\/\/lucacastelli.com\/de\/produkt\/ms-291-schnittlaenge-40cm-rm\/","title":{"rendered":"MS 291, Schnittl\u00e4nge 40cm, RM"},"content":{"rendered":"<p>Die &#8220;Allrounder&#8221;-Kettens\u00e4ge mit 2-Mix-Motor, langlebigem Luftfilter mit Vorfilterung, professionellem Anti-Vibrations-System und Mikroprozessor-Z\u00fcndung. Ob beim S\u00e4gen von Brennholz, bei der Pflege von B\u00e4umen, beim Ernten und S\u00e4gen von Bauholz, die Kettens\u00e4ge MS 271 vereint Leistung und Komfort ideal.<br \/>\n886661711741 <\/p>\n<p>Hubraum 55,5<br \/>\nLeistung Leistung<\/p>\n<p>Leistung Leistung<br \/>\nLeistung 3.80<br \/>\nCO2 841<\/p>\n","protected":false},"excerpt":{"rendered":"<p>MS 291, Schnittl\u00e4nge 40cm, RM<\/p>\n","protected":false},"featured_media":423650,"template":"","meta":{"_seopress_robots_primary_cat":"","_seopress_titles_title":"","_seopress_titles_desc":"","_seopress_robots_index":""},"product_brand":[3366],"product_cat":[29,268,494],"product_tag":[3265],"class_list":{"0":"post-464884","1":"product","2":"type-product","3":"status-publish","4":"has-post-thumbnail","6":"product_brand-stihl","7":"product_cat-macchinari","8":"product_cat-motoseghe","9":"product_cat-motoseghe-a-motore","10":"product_tag-import-stihl","11":"sws-gruppo-macchinari","12":"sws-conto-ricavi-merci-rivendita-macchinari","13":"sws-gruppo-iva-iva81","15":"first","16":"onbackorder","17":"purchasable","18":"product-type-simple"},"_links":{"self":[{"href":"https:\/\/lucacastelli.com\/de\/wp-json\/wp\/v2\/product\/464884","targetHints":{"allow":["GET"]}}],"collection":[{"href":"https:\/\/lucacastelli.com\/de\/wp-json\/wp\/v2\/product"}],"about":[{"href":"https:\/\/lucacastelli.com\/de\/wp-json\/wp\/v2\/types\/product"}],"wp:featuredmedia":[{"embeddable":true,"href":"https:\/\/lucacastelli.com\/de\/wp-json\/wp\/v2\/media\/423650"}],"wp:attachment":[{"href":"https:\/\/lucacastelli.com\/de\/wp-json\/wp\/v2\/media?parent=464884"}],"wp:term":[{"taxonomy":"product_brand","embeddable":true,"href":"https:\/\/lucacastelli.com\/de\/wp-json\/wp\/v2\/product_brand?post=464884"},{"taxonomy":"product_cat","embeddable":true,"href":"https:\/\/lucacastelli.com\/de\/wp-json\/wp\/v2\/product_cat?post=464884"},{"taxonomy":"product_tag","embeddable":true,"href":"https:\/\/lucacastelli.com\/de\/wp-json\/wp\/v2\/product_tag?post=464884"}],"curies":[{"name":"wp","href":"https:\/\/api.w.org\/{rel}","templated":true}]}}