{"id":464882,"date":"2025-05-31T22:40:05","date_gmt":"2025-05-31T20:40:05","guid":{"rendered":"https:\/\/lucacastelli.com\/prodotto\/dreieckige-schaerffeile\/"},"modified":"2026-03-02T14:17:16","modified_gmt":"2026-03-02T13:17:16","slug":"dreieckige-schaerffeile","status":"publish","type":"product","link":"https:\/\/lucacastelli.com\/de\/produkt\/dreieckige-schaerffeile\/","title":{"rendered":"STIHL Dreikantfeile zum Sch\u00e4rfen"},"content":{"rendered":"<p>Dreikantfeile zum Feilen von Kreiss\u00e4gen mit Spitzz\u00e4hnen. Geeignet f\u00fcr das Nachfeilen der Tiefenbegrenzer. L\u00e4nge 200 mm. Packung mit 12 St\u00fcck.<br \/>\n795711019174  <\/p>\n","protected":false},"excerpt":{"rendered":"<p>Dreikantfeile zum Sch\u00e4rfen<\/p>\n","protected":false},"featured_media":422964,"template":"","meta":{"_seopress_robots_primary_cat":"","_seopress_titles_title":"","_seopress_titles_desc":"","_seopress_robots_index":""},"product_brand":[3554],"product_cat":[1612,169,1455],"product_tag":[3266],"class_list":{"0":"post-464882","1":"product","2":"type-product","3":"status-publish","4":"has-post-thumbnail","6":"product_brand-stihl-de","7":"product_cat-kettensagen","8":"product_cat-maschinen","9":"product_cat-zubehor-und-verbrauchsmaterial-de","10":"product_tag-import-stihl-de","11":"sws-gruppo-macchinari-de","12":"sws-conto-ricavi-merci-rivendita-macchinari-de","13":"sws-gruppo-iva-iva81-de","15":"first","16":"onbackorder","17":"purchasable","18":"product-type-simple"},"_links":{"self":[{"href":"https:\/\/lucacastelli.com\/de\/wp-json\/wp\/v2\/product\/464882","targetHints":{"allow":["GET"]}}],"collection":[{"href":"https:\/\/lucacastelli.com\/de\/wp-json\/wp\/v2\/product"}],"about":[{"href":"https:\/\/lucacastelli.com\/de\/wp-json\/wp\/v2\/types\/product"}],"wp:featuredmedia":[{"embeddable":true,"href":"https:\/\/lucacastelli.com\/de\/wp-json\/wp\/v2\/media\/422964"}],"wp:attachment":[{"href":"https:\/\/lucacastelli.com\/de\/wp-json\/wp\/v2\/media?parent=464882"}],"wp:term":[{"taxonomy":"product_brand","embeddable":true,"href":"https:\/\/lucacastelli.com\/de\/wp-json\/wp\/v2\/product_brand?post=464882"},{"taxonomy":"product_cat","embeddable":true,"href":"https:\/\/lucacastelli.com\/de\/wp-json\/wp\/v2\/product_cat?post=464882"},{"taxonomy":"product_tag","embeddable":true,"href":"https:\/\/lucacastelli.com\/de\/wp-json\/wp\/v2\/product_tag?post=464882"}],"curies":[{"name":"wp","href":"https:\/\/api.w.org\/{rel}","templated":true}]}}