{"id":464881,"date":"2025-05-31T22:39:31","date_gmt":"2025-05-31T20:39:31","guid":{"rendered":"https:\/\/lucacastelli.com\/prodotto\/1127-staender-fuer-stihl-laser-2-in-1\/"},"modified":"2025-06-28T19:39:38","modified_gmt":"2025-06-28T17:39:38","slug":"1127-staender-fuer-stihl-laser-2-in-1","status":"publish","type":"product","link":"https:\/\/lucacastelli.com\/de\/produkt\/1127-staender-fuer-stihl-laser-2-in-1\/","title":{"rendered":"STIHL 1127 St\u00e4nder f\u00fcr STIHL Laser 2-in-1"},"content":{"rendered":"<p>F\u00fcr MS 029, MS 290, MS 310, MS 039, MS 390<br \/>\n886661052035<\/p>\n","protected":false},"excerpt":{"rendered":"<p>1127 St\u00e4nder f\u00fcr STIHL Laser 2-in-1<\/p>\n","protected":false},"featured_media":422955,"template":"","meta":{"_seopress_robots_primary_cat":"","_seopress_titles_title":"","_seopress_titles_desc":"","_seopress_robots_index":""},"product_brand":[3554],"product_cat":[1612,169,1455],"product_tag":[3266],"class_list":{"0":"post-464881","1":"product","2":"type-product","3":"status-publish","4":"has-post-thumbnail","6":"product_brand-stihl-de","7":"product_cat-kettensagen","8":"product_cat-maschinen","9":"product_cat-zubehor-und-verbrauchsmaterial-de","10":"product_tag-import-stihl-de","11":"sws-gruppo-macchinari-de","12":"sws-conto-ricavi-merci-rivendita-macchinari-de","13":"sws-gruppo-iva-iva81-de","15":"first","16":"onbackorder","17":"purchasable","18":"product-type-simple"},"_links":{"self":[{"href":"https:\/\/lucacastelli.com\/de\/wp-json\/wp\/v2\/product\/464881","targetHints":{"allow":["GET"]}}],"collection":[{"href":"https:\/\/lucacastelli.com\/de\/wp-json\/wp\/v2\/product"}],"about":[{"href":"https:\/\/lucacastelli.com\/de\/wp-json\/wp\/v2\/types\/product"}],"wp:featuredmedia":[{"embeddable":true,"href":"https:\/\/lucacastelli.com\/de\/wp-json\/wp\/v2\/media\/422955"}],"wp:attachment":[{"href":"https:\/\/lucacastelli.com\/de\/wp-json\/wp\/v2\/media?parent=464881"}],"wp:term":[{"taxonomy":"product_brand","embeddable":true,"href":"https:\/\/lucacastelli.com\/de\/wp-json\/wp\/v2\/product_brand?post=464881"},{"taxonomy":"product_cat","embeddable":true,"href":"https:\/\/lucacastelli.com\/de\/wp-json\/wp\/v2\/product_cat?post=464881"},{"taxonomy":"product_tag","embeddable":true,"href":"https:\/\/lucacastelli.com\/de\/wp-json\/wp\/v2\/product_tag?post=464881"}],"curies":[{"name":"wp","href":"https:\/\/api.w.org\/{rel}","templated":true}]}}