{"id":464867,"date":"2025-05-31T22:35:27","date_gmt":"2025-05-31T20:35:27","guid":{"rendered":"https:\/\/lucacastelli.com\/prodotto\/schablone-zum-schaerfen-1-4-p-msa\/"},"modified":"2025-06-27T08:06:49","modified_gmt":"2025-06-27T06:06:49","slug":"schablone-zum-schaerfen-1-4-p-msa","status":"publish","type":"product","link":"https:\/\/lucacastelli.com\/de\/produkt\/schablone-zum-schaerfen-1-4-p-msa\/","title":{"rendered":"Schablone zum Sch\u00e4rfen 1\/4&#8243; P (MSA)"},"content":{"rendered":"<p>Zur \u00dcberpr\u00fcfung aller Sch\u00e4rfwinkel, des Zahnl\u00e4ngen- und Tiefenbegrenzerabstands, zur Reinigung und der Nut- und \u00d6leinlaufbohrung der Stangen.<br \/>\n795711441531<\/p>\n","protected":false},"excerpt":{"rendered":"<p>Schablone zum Sch\u00e4rfen 1\/4&#8243; P (MSA)<\/p>\n","protected":false},"featured_media":422849,"template":"","meta":{"_seopress_robots_primary_cat":"","_seopress_titles_title":"","_seopress_titles_desc":"","_seopress_robots_index":""},"product_brand":[3554],"product_cat":[1612,169,1455],"product_tag":[3266],"class_list":{"0":"post-464867","1":"product","2":"type-product","3":"status-publish","4":"has-post-thumbnail","6":"product_brand-stihl-de","7":"product_cat-kettensagen","8":"product_cat-maschinen","9":"product_cat-zubehor-und-verbrauchsmaterial-de","10":"product_tag-import-stihl-de","11":"sws-gruppo-macchinari-de","12":"sws-conto-ricavi-merci-rivendita-macchinari-de","13":"sws-gruppo-iva-iva81-de","15":"first","16":"onbackorder","17":"purchasable","18":"product-type-simple"},"_links":{"self":[{"href":"https:\/\/lucacastelli.com\/de\/wp-json\/wp\/v2\/product\/464867","targetHints":{"allow":["GET"]}}],"collection":[{"href":"https:\/\/lucacastelli.com\/de\/wp-json\/wp\/v2\/product"}],"about":[{"href":"https:\/\/lucacastelli.com\/de\/wp-json\/wp\/v2\/types\/product"}],"wp:featuredmedia":[{"embeddable":true,"href":"https:\/\/lucacastelli.com\/de\/wp-json\/wp\/v2\/media\/422849"}],"wp:attachment":[{"href":"https:\/\/lucacastelli.com\/de\/wp-json\/wp\/v2\/media?parent=464867"}],"wp:term":[{"taxonomy":"product_brand","embeddable":true,"href":"https:\/\/lucacastelli.com\/de\/wp-json\/wp\/v2\/product_brand?post=464867"},{"taxonomy":"product_cat","embeddable":true,"href":"https:\/\/lucacastelli.com\/de\/wp-json\/wp\/v2\/product_cat?post=464867"},{"taxonomy":"product_tag","embeddable":true,"href":"https:\/\/lucacastelli.com\/de\/wp-json\/wp\/v2\/product_tag?post=464867"}],"curies":[{"name":"wp","href":"https:\/\/api.w.org\/{rel}","templated":true}]}}