{"id":464863,"date":"2025-05-31T22:38:45","date_gmt":"2025-05-31T20:38:45","guid":{"rendered":"https:\/\/lucacastelli.com\/prodotto\/schablone-zum-schaerfen-404-2\/"},"modified":"2025-06-27T08:06:53","modified_gmt":"2025-06-27T06:06:53","slug":"schablone-zum-schaerfen-404-2","status":"publish","type":"product","link":"https:\/\/lucacastelli.com\/de\/produkt\/schablone-zum-schaerfen-404-2\/","title":{"rendered":"Schablone zum Sch\u00e4rfen .404"},"content":{"rendered":"<p>Zur \u00dcberpr\u00fcfung aller Sch\u00e4rfwinkel, des Zahnl\u00e4ngen- und Tiefenbegrenzerabstands, zur Reinigung und der Nut- und \u00d6leinlaufbohrung der Stangen.<br \/>\n795711087456<\/p>\n","protected":false},"excerpt":{"rendered":"<p>Schablone zum Sch\u00e4rfen .404<\/p>\n","protected":false},"featured_media":422849,"template":"","meta":{"_seopress_robots_primary_cat":"","_seopress_titles_title":"","_seopress_titles_desc":"","_seopress_robots_index":""},"product_brand":[3366],"product_cat":[29,515,268],"product_tag":[3265],"class_list":{"0":"post-464863","1":"product","2":"type-product","3":"status-publish","4":"has-post-thumbnail","6":"product_brand-stihl","7":"product_cat-macchinari","8":"product_cat-accessori-e-materiale-di-consumo-altri-dispositivi","9":"product_cat-motoseghe","10":"product_tag-import-stihl","11":"sws-gruppo-macchinari-de","12":"sws-conto-ricavi-merci-rivendita-macchinari-de","13":"sws-gruppo-iva-iva81-de","15":"first","16":"onbackorder","17":"purchasable","18":"product-type-simple"},"_links":{"self":[{"href":"https:\/\/lucacastelli.com\/de\/wp-json\/wp\/v2\/product\/464863","targetHints":{"allow":["GET"]}}],"collection":[{"href":"https:\/\/lucacastelli.com\/de\/wp-json\/wp\/v2\/product"}],"about":[{"href":"https:\/\/lucacastelli.com\/de\/wp-json\/wp\/v2\/types\/product"}],"wp:featuredmedia":[{"embeddable":true,"href":"https:\/\/lucacastelli.com\/de\/wp-json\/wp\/v2\/media\/422849"}],"wp:attachment":[{"href":"https:\/\/lucacastelli.com\/de\/wp-json\/wp\/v2\/media?parent=464863"}],"wp:term":[{"taxonomy":"product_brand","embeddable":true,"href":"https:\/\/lucacastelli.com\/de\/wp-json\/wp\/v2\/product_brand?post=464863"},{"taxonomy":"product_cat","embeddable":true,"href":"https:\/\/lucacastelli.com\/de\/wp-json\/wp\/v2\/product_cat?post=464863"},{"taxonomy":"product_tag","embeddable":true,"href":"https:\/\/lucacastelli.com\/de\/wp-json\/wp\/v2\/product_tag?post=464863"}],"curies":[{"name":"wp","href":"https:\/\/api.w.org\/{rel}","templated":true}]}}