{"id":464858,"date":"2025-05-31T22:34:16","date_gmt":"2025-05-31T20:34:16","guid":{"rendered":"https:\/\/lucacastelli.com\/prodotto\/msa-300-c-o-45cm-ohne-akku-und-ladegeraet\/"},"modified":"2025-11-03T21:53:19","modified_gmt":"2025-11-03T20:53:19","slug":"msa-300-c-o-45cm-ohne-akku-und-ladegeraet","status":"publish","type":"product","link":"https:\/\/lucacastelli.com\/de\/produkt\/msa-300-c-o-45cm-ohne-akku-und-ladegeraet\/","title":{"rendered":"STIHL MSA 300 C-O, 45cm, ohne Akku und Ladeger\u00e4t"},"content":{"rendered":"<p>Die leistungsst\u00e4rkste Akku-Kettens\u00e4ge STIHL f\u00fcr den professionellen Einsatz. Die hohe Leistung und die drei w\u00e4hlbaren Betriebsmodi erm\u00f6glichen Ihnen ein optimales Arbeiten in einer Vielzahl von Anwendungen wie F\u00e4llen, Entasten oder Zuschneiden. Hohe Ergonomie auch bei l\u00e4ngeren Eins\u00e4tzen durch das schlanke und handliche Design, die hervorragende Balance und STIHL Anti-Vibrations-System. Intuitives Bedien- und Benachrichtigungscockpit mit LED-Anzeige, integriertem K\u00fchlluftfilter, auslaufsicherer Mutter an der Spulenabdeckung, einstellbarer \u00d6lpumpe, .325&#8243; RM Pro Kette f\u00fcr sehr hohe Schnittleistung. Serienm\u00e4\u00dfig mit \u00d6lsensor und LED-Anzeige zur aktiven Benutzerinformation bei \u00d6lmangel. Bereitstellung des STIHL Smart Connectors 2 A im Werkzeuggeh\u00e4use. Der MSA 300 kann nur mit dem STIHL AP 500 S betrieben werden, um den vollen Funktionsumfang nutzen zu k\u00f6nnen. Die Verwendung anderer STIHL Akkus garantiert nicht die Nutzung aller Funktionen oder die maximal m\u00f6gliche Schneidleistung.<br \/>\n886661507030<\/p>\n<p>Nennspannung 36<br \/>\nLeistungsaufnahme Leistungsaufnahme<\/p>\n<p>Power Power<br \/>\nBattery System AP<br \/>\nEmpfohlene Batterie AP 500 S<\/p>\n","protected":false},"excerpt":{"rendered":"<p>MSA 300 C-O, 45cm, ohne Akku und Ladeger\u00e4t<\/p>\n","protected":false},"featured_media":422806,"template":"","meta":{"_seopress_robots_primary_cat":"","_seopress_titles_title":"","_seopress_titles_desc":"","_seopress_robots_index":""},"product_brand":[3366],"product_cat":[29,268,528],"product_tag":[3265],"class_list":{"0":"post-464858","1":"product","2":"type-product","3":"status-publish","4":"has-post-thumbnail","6":"product_brand-stihl","7":"product_cat-macchinari","8":"product_cat-motoseghe","9":"product_cat-motoseghe-a-batteria","10":"product_tag-import-stihl","11":"sws-gruppo-macchinari-de","12":"sws-conto-ricavi-merci-rivendita-macchinari-de","13":"sws-gruppo-iva-iva81-de","15":"first","16":"onbackorder","17":"purchasable","18":"product-type-simple"},"_links":{"self":[{"href":"https:\/\/lucacastelli.com\/de\/wp-json\/wp\/v2\/product\/464858","targetHints":{"allow":["GET"]}}],"collection":[{"href":"https:\/\/lucacastelli.com\/de\/wp-json\/wp\/v2\/product"}],"about":[{"href":"https:\/\/lucacastelli.com\/de\/wp-json\/wp\/v2\/types\/product"}],"wp:featuredmedia":[{"embeddable":true,"href":"https:\/\/lucacastelli.com\/de\/wp-json\/wp\/v2\/media\/422806"}],"wp:attachment":[{"href":"https:\/\/lucacastelli.com\/de\/wp-json\/wp\/v2\/media?parent=464858"}],"wp:term":[{"taxonomy":"product_brand","embeddable":true,"href":"https:\/\/lucacastelli.com\/de\/wp-json\/wp\/v2\/product_brand?post=464858"},{"taxonomy":"product_cat","embeddable":true,"href":"https:\/\/lucacastelli.com\/de\/wp-json\/wp\/v2\/product_cat?post=464858"},{"taxonomy":"product_tag","embeddable":true,"href":"https:\/\/lucacastelli.com\/de\/wp-json\/wp\/v2\/product_tag?post=464858"}],"curies":[{"name":"wp","href":"https:\/\/api.w.org\/{rel}","templated":true}]}}