{"id":464851,"date":"2025-05-31T22:33:35","date_gmt":"2025-05-31T20:33:35","guid":{"rendered":"https:\/\/lucacastelli.com\/prodotto\/msa-300-40cm-ohne-akku-und-ladegeraet\/"},"modified":"2025-06-28T19:39:19","modified_gmt":"2025-06-28T17:39:19","slug":"msa-300-40cm-ohne-akku-und-ladegeraet","status":"publish","type":"product","link":"https:\/\/lucacastelli.com\/de\/produkt\/msa-300-40cm-ohne-akku-und-ladegeraet\/","title":{"rendered":"STIHL MSA 300, 40cm, ohne Akku und Ladeger\u00e4t"},"content":{"rendered":"<p>Leistungsstarke Akku-Kettens\u00e4ge von STIHL f\u00fcr den professionellen Einsatz. Der MSA 300 kann nur mit dem STIHL AP 500 S betrieben werden, um den vollen Funktionsumfang nutzen zu k\u00f6nnen. Die Verwendung anderer STIHL Akkus garantiert nicht die Nutzung aller Funktionen oder die maximal m\u00f6gliche Schneidleistung.<br \/>\n886661505807  <\/p>\n<p>Nennspannung 36<br \/>\nLeistungsaufnahme Leistungsaufnahme<\/p>\n<p>Power Power<br \/>\nBattery System AP<br \/>\nEmpfohlene Batterie AP 500 S<\/p>\n","protected":false},"excerpt":{"rendered":"<p>MSA 300, 40cm, ohne Akku und Ladeger\u00e4t<\/p>\n","protected":false},"featured_media":422774,"template":"","meta":{"_seopress_robots_primary_cat":"","_seopress_titles_title":"","_seopress_titles_desc":"","_seopress_robots_index":""},"product_brand":[3366],"product_cat":[29,268,528],"product_tag":[3265],"class_list":{"0":"post-464851","1":"product","2":"type-product","3":"status-publish","4":"has-post-thumbnail","6":"product_brand-stihl","7":"product_cat-macchinari","8":"product_cat-motoseghe","9":"product_cat-motoseghe-a-batteria","10":"product_tag-import-stihl","11":"sws-gruppo-macchinari-de","12":"sws-conto-ricavi-merci-rivendita-macchinari-de","13":"sws-gruppo-iva-iva81-de","15":"first","16":"onbackorder","17":"purchasable","18":"product-type-simple"},"_links":{"self":[{"href":"https:\/\/lucacastelli.com\/de\/wp-json\/wp\/v2\/product\/464851","targetHints":{"allow":["GET"]}}],"collection":[{"href":"https:\/\/lucacastelli.com\/de\/wp-json\/wp\/v2\/product"}],"about":[{"href":"https:\/\/lucacastelli.com\/de\/wp-json\/wp\/v2\/types\/product"}],"wp:featuredmedia":[{"embeddable":true,"href":"https:\/\/lucacastelli.com\/de\/wp-json\/wp\/v2\/media\/422774"}],"wp:attachment":[{"href":"https:\/\/lucacastelli.com\/de\/wp-json\/wp\/v2\/media?parent=464851"}],"wp:term":[{"taxonomy":"product_brand","embeddable":true,"href":"https:\/\/lucacastelli.com\/de\/wp-json\/wp\/v2\/product_brand?post=464851"},{"taxonomy":"product_cat","embeddable":true,"href":"https:\/\/lucacastelli.com\/de\/wp-json\/wp\/v2\/product_cat?post=464851"},{"taxonomy":"product_tag","embeddable":true,"href":"https:\/\/lucacastelli.com\/de\/wp-json\/wp\/v2\/product_tag?post=464851"}],"curies":[{"name":"wp","href":"https:\/\/api.w.org\/{rel}","templated":true}]}}