{"id":464837,"date":"2025-05-31T22:15:05","date_gmt":"2025-05-31T20:15:05","guid":{"rendered":"https:\/\/lucacastelli.com\/prodotto\/msa-190-t-30cm-ohne-akku-und-ladegeraet\/"},"modified":"2025-06-29T13:45:27","modified_gmt":"2025-06-29T11:45:27","slug":"msa-190-t-30cm-ohne-akku-und-ladegeraet","status":"publish","type":"product","link":"https:\/\/lucacastelli.com\/de\/produkt\/msa-190-t-30cm-ohne-akku-und-ladegeraet\/","title":{"rendered":"STIHL MSA 190 T, 30cm, ohne Akku und Ladeger\u00e4t"},"content":{"rendered":"<p>pVielseitige professionelle Akku-Kettens\u00e4ge f\u00fcr die Baumpflege. F\u00fcr verschiedene Arbeiten, wie z.B. das Beschneiden der Kronen, das Entfernen von abgestorbenen St\u00e4mmen oder \u00c4sten von St\u00fcmpfen und St\u00e4mmen. Kettens\u00e4gekette 3?8&#8243; PS3 Pro f\u00fcr sehr hohe Schnittleistung. Einfache Bedienung mit ergonomischem Hebel und seitlicher Verriegelungstaste. Werkzeugloser Tankdeckel. Es besteht die M\u00f6glichkeit, die Komfort\u00f6se zu einem sp\u00e4teren Zeitpunkt hinzuzuf\u00fcgen. Zur Gewichtsreduzierung kann die neue Batterie AP 200 S.\/p<br \/>\n886661904792<\/p>\n<p>Nennspannung 36<br \/>\nStromverbrauch Power<\/p>\n<p>Power Power AP<br \/>\nBatteriesystem Empfohlene<br \/>\nBatterie AP 200 S verwendet werden<\/p>\n","protected":false},"excerpt":{"rendered":"<p>pVielseitige professionelle Akku-Kettens\u00e4ge f\u00fcr die Baumpflege. F\u00fcr verschiedene Arbeiten, wie z.B. das Beschneiden der Kronen, das Entfernen von abgestorbenen St\u00e4mmen<\/p>\n","protected":false},"featured_media":437143,"template":"","meta":{"_seopress_robots_primary_cat":"","_seopress_titles_title":"","_seopress_titles_desc":"","_seopress_robots_index":""},"product_brand":[3366],"product_cat":[29,268,528],"product_tag":[3265],"class_list":{"0":"post-464837","1":"product","2":"type-product","3":"status-publish","4":"has-post-thumbnail","6":"product_brand-stihl","7":"product_cat-macchinari","8":"product_cat-motoseghe","9":"product_cat-motoseghe-a-batteria","10":"product_tag-import-stihl","11":"sws-gruppo-macchinari-de","12":"sws-conto-ricavi-merci-rivendita-macchinari-de","13":"sws-gruppo-iva-iva81-de","15":"first","16":"onbackorder","17":"purchasable","18":"product-type-simple"},"_links":{"self":[{"href":"https:\/\/lucacastelli.com\/de\/wp-json\/wp\/v2\/product\/464837","targetHints":{"allow":["GET"]}}],"collection":[{"href":"https:\/\/lucacastelli.com\/de\/wp-json\/wp\/v2\/product"}],"about":[{"href":"https:\/\/lucacastelli.com\/de\/wp-json\/wp\/v2\/types\/product"}],"wp:featuredmedia":[{"embeddable":true,"href":"https:\/\/lucacastelli.com\/de\/wp-json\/wp\/v2\/media\/437143"}],"wp:attachment":[{"href":"https:\/\/lucacastelli.com\/de\/wp-json\/wp\/v2\/media?parent=464837"}],"wp:term":[{"taxonomy":"product_brand","embeddable":true,"href":"https:\/\/lucacastelli.com\/de\/wp-json\/wp\/v2\/product_brand?post=464837"},{"taxonomy":"product_cat","embeddable":true,"href":"https:\/\/lucacastelli.com\/de\/wp-json\/wp\/v2\/product_cat?post=464837"},{"taxonomy":"product_tag","embeddable":true,"href":"https:\/\/lucacastelli.com\/de\/wp-json\/wp\/v2\/product_tag?post=464837"}],"curies":[{"name":"wp","href":"https:\/\/api.w.org\/{rel}","templated":true}]}}