{"id":464831,"date":"2025-05-31T22:14:26","date_gmt":"2025-05-31T20:14:26","guid":{"rendered":"https:\/\/lucacastelli.com\/prodotto\/gta-40-set-mit-2-x-as-2-und-al-5-2\/"},"modified":"2026-04-18T20:26:35","modified_gmt":"2026-04-18T18:26:35","slug":"gta-40-set-mit-2-x-as-2-und-al-5-2","status":"publish","type":"product","link":"https:\/\/lucacastelli.com\/de\/produkt\/gta-40-set-mit-2-x-as-2-und-al-5-2\/","title":{"rendered":"STIHL GTA 40 Set, mit 2 x AS 2 und AL 5-2"},"content":{"rendered":"<p>pDie akkubetriebene Heckenschere STIHL GTA 40 ist ideal f\u00fcr die Baum- und Holzpflege, f\u00fcr professionelle Arbeiten im Garten- und Landschaftsbau sowie f\u00fcr die Bearbeitung von Holz und holz\u00e4hnlichen Materialien auf Baustellen.nbsp;Die STIHL GTA 40 kann auch von erfahrenen Baumpflegern f\u00fcr Schnittarbeiten in der Krone stehender B\u00e4ume eingesetzt werden.nbsp;Ob f\u00fcr die Baumpflege in Parks und G\u00e4rten, f\u00fcr Kronenkorrekturen oder beim Trockenmauerbau, Innenarbeiten oder Dacharbeiten: Die GTA 40 \u00fcberzeugt durch ihre kompakte Bauweise undnbsp;ihr geringes Gewicht.\/p<br \/>\n795711948757<\/p>\n<p>Nennspannung 22<br \/>\nLeistungsaufnahme Leistungsaufnahme<\/p>\n<p>Leistung Leistung<br \/>\nAkkusystem AS<br \/>\nGer\u00e4tegewicht 1,4<\/p>\n","protected":false},"excerpt":{"rendered":"<p>pDie akkubetriebene Heckenschere STIHL GTA 40 ist ideal f\u00fcr die Baum- und Holzpflege, f\u00fcr professionelle Arbeiten im Garten- und Landschaftsbau<\/p>\n","protected":false},"featured_media":437006,"template":"","meta":{"_seopress_robots_primary_cat":"none","_seopress_titles_title":"","_seopress_titles_desc":"","_seopress_robots_index":""},"product_brand":[3366],"product_cat":[29,268,528],"product_tag":[3265],"class_list":{"0":"post-464831","1":"product","2":"type-product","3":"status-publish","4":"has-post-thumbnail","6":"product_brand-stihl","7":"product_cat-macchinari","8":"product_cat-motoseghe","9":"product_cat-motoseghe-a-batteria","10":"product_tag-import-stihl","11":"sws-gruppo-macchinari-de","12":"sws-conto-ricavi-merci-rivendita-macchinari-de","13":"sws-gruppo-iva-iva81-de","15":"first","16":"onbackorder","17":"purchasable","18":"product-type-simple"},"_links":{"self":[{"href":"https:\/\/lucacastelli.com\/de\/wp-json\/wp\/v2\/product\/464831","targetHints":{"allow":["GET"]}}],"collection":[{"href":"https:\/\/lucacastelli.com\/de\/wp-json\/wp\/v2\/product"}],"about":[{"href":"https:\/\/lucacastelli.com\/de\/wp-json\/wp\/v2\/types\/product"}],"wp:featuredmedia":[{"embeddable":true,"href":"https:\/\/lucacastelli.com\/de\/wp-json\/wp\/v2\/media\/437006"}],"wp:attachment":[{"href":"https:\/\/lucacastelli.com\/de\/wp-json\/wp\/v2\/media?parent=464831"}],"wp:term":[{"taxonomy":"product_brand","embeddable":true,"href":"https:\/\/lucacastelli.com\/de\/wp-json\/wp\/v2\/product_brand?post=464831"},{"taxonomy":"product_cat","embeddable":true,"href":"https:\/\/lucacastelli.com\/de\/wp-json\/wp\/v2\/product_cat?post=464831"},{"taxonomy":"product_tag","embeddable":true,"href":"https:\/\/lucacastelli.com\/de\/wp-json\/wp\/v2\/product_tag?post=464831"}],"curies":[{"name":"wp","href":"https:\/\/api.w.org\/{rel}","templated":true}]}}