{"id":464800,"date":"2025-05-31T21:54:15","date_gmt":"2025-05-31T19:54:15","guid":{"rendered":"https:\/\/lucacastelli.com\/prodotto\/msa-200-c-b-30cm-ohne-akku-und-magazin-carv\/"},"modified":"2025-06-29T13:45:57","modified_gmt":"2025-06-29T11:45:57","slug":"msa-200-c-b-30cm-ohne-akku-und-magazin-carv","status":"publish","type":"product","link":"https:\/\/lucacastelli.com\/de\/produkt\/msa-200-c-b-30cm-ohne-akku-und-magazin-carv\/","title":{"rendered":"STIHL MSA 200 C-B, 30cm, ohne Akku und Magazin, Carv."},"content":{"rendered":"<p>Akku-Tranchier-Kettens\u00e4ge f\u00fcr den Einsatz in l\u00e4rmsensiblen Bereichen. 1\/4&#8243; PM3 Kette f\u00fcr hohe Schnittleistung und einen pr\u00e4zisen und sauberen Schnitt. Ergonomischer Bedienhebel mit Potentiometerfunktion zur stufenlosen Geschwindigkeitseinstellung, STIHL Kettenschnellspanner und transparenter \u00d6ltank mit werkzeuglosem Deckel.<br \/>\n886661874934  <\/p>\n<p>Nennspannung 36<br \/>\nLeistungsaufnahme Leistungsaufnahme<\/p>\n<p>Power Power<br \/>\nBattery System AP<br \/>\nEmpfohlene Batterie AP 300 S<\/p>\n","protected":false},"excerpt":{"rendered":"<p>Akku-Tranchier-Kettens\u00e4ge f\u00fcr den Einsatz in l\u00e4rmsensiblen Bereichen. 1\/4&#8243; PM3 Kette f\u00fcr hohe Schnittleistung und einen pr\u00e4zisen und sauberen Schnitt. Ergonomischer<\/p>\n","protected":false},"featured_media":424387,"template":"","meta":{"_seopress_robots_primary_cat":"","_seopress_titles_title":"","_seopress_titles_desc":"","_seopress_robots_index":""},"product_brand":[3554],"product_cat":[1615,1612,169],"product_tag":[3266],"class_list":{"0":"post-464800","1":"product","2":"type-product","3":"status-publish","4":"has-post-thumbnail","6":"product_brand-stihl-de","7":"product_cat-akku-kettensagen","8":"product_cat-kettensagen","9":"product_cat-maschinen","10":"product_tag-import-stihl-de","11":"sws-gruppo-macchinari","12":"sws-conto-ricavi-merci-rivendita-macchinari","13":"sws-gruppo-iva-iva81","15":"first","16":"onbackorder","17":"purchasable","18":"product-type-simple"},"_links":{"self":[{"href":"https:\/\/lucacastelli.com\/de\/wp-json\/wp\/v2\/product\/464800","targetHints":{"allow":["GET"]}}],"collection":[{"href":"https:\/\/lucacastelli.com\/de\/wp-json\/wp\/v2\/product"}],"about":[{"href":"https:\/\/lucacastelli.com\/de\/wp-json\/wp\/v2\/types\/product"}],"wp:featuredmedia":[{"embeddable":true,"href":"https:\/\/lucacastelli.com\/de\/wp-json\/wp\/v2\/media\/424387"}],"wp:attachment":[{"href":"https:\/\/lucacastelli.com\/de\/wp-json\/wp\/v2\/media?parent=464800"}],"wp:term":[{"taxonomy":"product_brand","embeddable":true,"href":"https:\/\/lucacastelli.com\/de\/wp-json\/wp\/v2\/product_brand?post=464800"},{"taxonomy":"product_cat","embeddable":true,"href":"https:\/\/lucacastelli.com\/de\/wp-json\/wp\/v2\/product_cat?post=464800"},{"taxonomy":"product_tag","embeddable":true,"href":"https:\/\/lucacastelli.com\/de\/wp-json\/wp\/v2\/product_tag?post=464800"}],"curies":[{"name":"wp","href":"https:\/\/api.w.org\/{rel}","templated":true}]}}