{"id":464798,"date":"2023-07-02T07:42:17","date_gmt":"2023-07-02T05:42:17","guid":{"rendered":"https:\/\/lucacastelli.com\/prodotto\/fuel-akku-astsaege-m12fhs-0\/"},"modified":"2025-06-29T08:17:47","modified_gmt":"2025-06-29T06:17:47","slug":"fuel-akku-astsaege-m12fhs-0","status":"publish","type":"product","link":"https:\/\/lucacastelli.com\/de\/produkt\/fuel-akku-astsaege-m12fhs-0\/","title":{"rendered":"FUEL\u2122 Akku-Asts\u00e4ge M12FHS-0"},"content":{"rendered":"<p>Funktionen:<\/p>\n<p>Die Akku-Asts\u00e4ge M12 FUEL\u2122 bietet eine hervorragende Kontrolle, kann 75 mm Hartholz schneiden und liefert bis zu 120 Schnitte pro Ladung des M12B4-Akkus.<br \/>\nEntwickelt, um die Bed\u00fcrfnisse der Benutzer nach Ergonomie, Leistung und Haltbarkeit zu erf\u00fcllen.<br \/>\nMit einem Gewicht von 2,3 kg und einem kompakten Design bietet die Akku-Asts\u00e4ge eine bessere Kontrolle und Man\u00f6vrierf\u00e4higkeit f\u00fcr schwer zug\u00e4ngliche Arbeiten.<br \/>\nMit dem leicht zug\u00e4nglichen Kettenspanner k\u00f6nnen Sie die Kettenspannung schnell einstellen<br \/>\nMit dem transparenten \u00d6ltank k\u00f6nnen Sie den \u00d6lstand einfach \u00fcberpr\u00fcfen<br \/>\nFeinf\u00fchlige Drehzahlregler erm\u00f6glichen dem Benutzer die volle Kontrolle \u00fcber die Ausgangsleistung<br \/>\nMetallklauenanschlag f\u00fcr eine bessere<br \/>\nHebelwirkung Automatische Kettenschmierung f\u00fcr h\u00f6here Produktivit\u00e4t<br \/>\nWerkzeugaufbewahrung f\u00fcr Ringschl\u00fcssel<br \/>\nDer b\u00fcrstenlose POWERSTATE-Motor\u2122 der neuesten Generation, die REDLINK Plus-Elektronik\u2122 und die 12,0 Ah REDLITHIUM-HIGH\u2122 OUTPUT-Akkus\u2122 liefern leistungsstarke,  Lange Lebensdauer und lange Laufzeit in den anspruchsvollsten Anwendungen.<br \/>\n100% kompatibel mit der MILWAUKEE\u00ae M12-Produktreihe\u2122.<\/p>\n<p>Technische Daten:<br \/>\nLithium-Ionen-Akku<br \/>\nBatteriekapazit\u00e4t (Ah) (6,0)<br \/>\nGewicht mit Akku (kg) (2,3)<br \/>\nKettengeschwindigkeit (m\/s) 5<br \/>\nNutzbare Stangenl\u00e4nge (cm) 14<br \/>\nStangenl\u00e4nge (cm) 15<br \/>\nSpannung (V) 12<\/p>\n<p>Lieferumfang:<\/p>\n<p>ohne Akku, ohne Ladeger\u00e4t<br \/>\n1x Oregon Kette 6<br \/>\nF\u00fchrungsschienenschutz<br \/>\n1x Ringschl\u00fcssel<br \/>\nLieferung im Karton<\/p>\n","protected":false},"excerpt":{"rendered":"<p>Funktionen: Die Akku-Asts\u00e4ge M12 FUEL\u2122 bietet eine hervorragende Kontrolle, kann 75 mm Hartholz schneiden und liefert bis zu 120 Schnitte<\/p>\n","protected":false},"featured_media":56892,"template":"","meta":{"_seopress_robots_primary_cat":"","_seopress_titles_title":"","_seopress_titles_desc":"","_seopress_robots_index":""},"product_brand":[3407],"product_cat":[29,268,282,267],"product_tag":[],"class_list":{"0":"post-464798","1":"product","2":"type-product","3":"status-publish","4":"has-post-thumbnail","6":"product_brand-milwaukee","7":"product_cat-macchinari","8":"product_cat-motoseghe","9":"product_cat-tosasiepi-e-potatori-a-batteria","10":"product_cat-tosasiepi-e-potatori","12":"first","13":"onbackorder","14":"shipping-taxable","15":"purchasable","16":"product-type-simple"},"_links":{"self":[{"href":"https:\/\/lucacastelli.com\/de\/wp-json\/wp\/v2\/product\/464798","targetHints":{"allow":["GET"]}}],"collection":[{"href":"https:\/\/lucacastelli.com\/de\/wp-json\/wp\/v2\/product"}],"about":[{"href":"https:\/\/lucacastelli.com\/de\/wp-json\/wp\/v2\/types\/product"}],"wp:featuredmedia":[{"embeddable":true,"href":"https:\/\/lucacastelli.com\/de\/wp-json\/wp\/v2\/media\/56892"}],"wp:attachment":[{"href":"https:\/\/lucacastelli.com\/de\/wp-json\/wp\/v2\/media?parent=464798"}],"wp:term":[{"taxonomy":"product_brand","embeddable":true,"href":"https:\/\/lucacastelli.com\/de\/wp-json\/wp\/v2\/product_brand?post=464798"},{"taxonomy":"product_cat","embeddable":true,"href":"https:\/\/lucacastelli.com\/de\/wp-json\/wp\/v2\/product_cat?post=464798"},{"taxonomy":"product_tag","embeddable":true,"href":"https:\/\/lucacastelli.com\/de\/wp-json\/wp\/v2\/product_tag?post=464798"}],"curies":[{"name":"wp","href":"https:\/\/api.w.org\/{rel}","templated":true}]}}