{"id":464792,"date":"2023-06-16T13:53:26","date_gmt":"2023-06-16T11:53:26","guid":{"rendered":"https:\/\/lucacastelli.com\/prodotto\/fuer-m12fhs-saegekette-3-8-152-mm\/"},"modified":"2023-06-16T13:53:26","modified_gmt":"2023-06-16T11:53:26","slug":"fuer-m12fhs-saegekette-3-8-152-mm","status":"publish","type":"product","link":"https:\/\/lucacastelli.com\/de\/produkt\/fuer-m12fhs-saegekette-3-8-152-mm\/","title":{"rendered":"f\u00fcr M12FHS S\u00e4gekette 3\/8&#8243; 152 mm"},"content":{"rendered":"<p>S\u00e4gekette 3\/8&#8221;&#8217; 152 mm passend f\u00fcr M12 FHS<\/p>\n<p>Akku-Asts\u00e4ge Technische Daten:<\/p>\n<p>L\u00e4nge: 152 cm<br \/>\nTeilung: 3\/8<\/p>\n","protected":false},"excerpt":{"rendered":"<p>S\u00e4gekette 3\/8&#8221;&#8217; 152 mm passend f\u00fcr M12 FHS Akku-Asts\u00e4ge Technische Daten: L\u00e4nge: 152 cm Teilung: 3\/8<\/p>\n","protected":false},"featured_media":56597,"template":"","meta":{"_seopress_robots_primary_cat":"","_seopress_titles_title":"","_seopress_titles_desc":"","_seopress_robots_index":""},"product_brand":[3656],"product_cat":[1695,1614,1612,169],"product_tag":[],"class_list":{"0":"post-464792","1":"product","2":"type-product","3":"status-publish","4":"has-post-thumbnail","6":"product_brand-milwaukee-de","7":"product_cat-heckenscheren-und-astscheren","8":"product_cat-ketten-und-haspeln","9":"product_cat-kettensagen","10":"product_cat-maschinen","12":"first","13":"instock","14":"shipping-taxable","15":"purchasable","16":"product-type-simple"},"_links":{"self":[{"href":"https:\/\/lucacastelli.com\/de\/wp-json\/wp\/v2\/product\/464792","targetHints":{"allow":["GET"]}}],"collection":[{"href":"https:\/\/lucacastelli.com\/de\/wp-json\/wp\/v2\/product"}],"about":[{"href":"https:\/\/lucacastelli.com\/de\/wp-json\/wp\/v2\/types\/product"}],"wp:featuredmedia":[{"embeddable":true,"href":"https:\/\/lucacastelli.com\/de\/wp-json\/wp\/v2\/media\/56597"}],"wp:attachment":[{"href":"https:\/\/lucacastelli.com\/de\/wp-json\/wp\/v2\/media?parent=464792"}],"wp:term":[{"taxonomy":"product_brand","embeddable":true,"href":"https:\/\/lucacastelli.com\/de\/wp-json\/wp\/v2\/product_brand?post=464792"},{"taxonomy":"product_cat","embeddable":true,"href":"https:\/\/lucacastelli.com\/de\/wp-json\/wp\/v2\/product_cat?post=464792"},{"taxonomy":"product_tag","embeddable":true,"href":"https:\/\/lucacastelli.com\/de\/wp-json\/wp\/v2\/product_tag?post=464792"}],"curies":[{"name":"wp","href":"https:\/\/api.w.org\/{rel}","templated":true}]}}