{"id":464765,"date":"2022-07-15T15:39:11","date_gmt":"2022-07-15T13:39:11","guid":{"rendered":"https:\/\/lucacastelli.com\/?post_type=product&#038;p=464765"},"modified":"2026-02-09T17:03:32","modified_gmt":"2026-02-09T16:03:32","slug":"vallorbe-feilenfuhrer","status":"publish","type":"product","link":"https:\/\/lucacastelli.com\/de\/produkt\/vallorbe-feilenfuhrer\/","title":{"rendered":"VALLORBE Feilenf\u00fchrer"},"content":{"rendered":"<p>WARUM EINE KETTENS\u00c4GEKETTE SCH\u00c4RFEN?<\/p>\n<p>&#8211; Reduziertes Unfallrisiko<br \/>\n&#8211; Hervorragende Schnittleistung<br \/>\n&#8211; H\u00f6here Schnittgeschwindigkeit<br \/>\n&#8211; Benutzerfreundlichkeit: weniger k\u00f6rperlicher Aufwand- Reduzierter Verschlei\u00df<br \/>\n des Kettens\u00e4geglieds<br \/>\n und des Rahmens- Reduzierter Kraftstoffverbrauch<\/p>\n<p>Pr\u00e4zises<br \/>\nSch\u00e4rfen Eins\u00e4tze<br \/>\naus geh\u00e4rtetem Edelstahl Optimales Gef\u00fchl beim Sch\u00e4rfen<br \/>\nPerfektes Gleiten auf Golfpl\u00e4tzen<br \/>\nSorgt f\u00fcr gleichm\u00e4\u00dfige Sch\u00e4rfe in der gesamten Kette<\/p>\n<p>Innovatives<br \/>\nDesign Aus technischem<br \/>\nKunststoff Robust und witterungsbest\u00e4ndig<br \/>\nAngabe des zu verwendenden<br \/>\nDateidurchmessers Hohe Anpassungsf\u00e4higkeit: anpassbare<br \/>\nFarbe und Branding<br \/>\nMessbare Verbindungsl\u00e4nge<\/p>\n<p>Einfach zu bedienen<br \/>\nLeicht, nur 54 g<\/p>\n","protected":false},"excerpt":{"rendered":"<p>WARUM EINE KETTENS\u00c4GEKETTE SCH\u00c4RFEN? &#8211; Reduziertes Unfallrisiko &#8211; Hervorragende Schnittleistung &#8211; H\u00f6here Schnittgeschwindigkeit &#8211; Benutzerfreundlichkeit: weniger k\u00f6rperlicher Aufwand- Reduzierter Verschlei\u00df<\/p>\n","protected":false},"featured_media":53449,"template":"","meta":{"_seopress_robots_primary_cat":"","_seopress_titles_title":"","_seopress_titles_desc":"","_seopress_robots_index":""},"product_brand":[4389],"product_cat":[29,268,269,267],"product_tag":[],"class_list":{"0":"post-464765","1":"product","2":"type-product","3":"status-publish","4":"has-post-thumbnail","6":"product_brand-vallorbe","7":"product_cat-macchinari","8":"product_cat-motoseghe","9":"product_cat-accessori-e-materiale-di-consumo-tosasiepi-e-potatori","10":"product_cat-tosasiepi-e-potatori","11":"sws-gruppo-macchinari","12":"sws-conto-ricavi-merci-rivendita-macchinari-de","13":"sws-gruppo-iva-iva81","15":"first","16":"instock","17":"shipping-taxable","18":"purchasable","19":"product-type-variable"},"_links":{"self":[{"href":"https:\/\/lucacastelli.com\/de\/wp-json\/wp\/v2\/product\/464765","targetHints":{"allow":["GET"]}}],"collection":[{"href":"https:\/\/lucacastelli.com\/de\/wp-json\/wp\/v2\/product"}],"about":[{"href":"https:\/\/lucacastelli.com\/de\/wp-json\/wp\/v2\/types\/product"}],"wp:featuredmedia":[{"embeddable":true,"href":"https:\/\/lucacastelli.com\/de\/wp-json\/wp\/v2\/media\/53449"}],"wp:attachment":[{"href":"https:\/\/lucacastelli.com\/de\/wp-json\/wp\/v2\/media?parent=464765"}],"wp:term":[{"taxonomy":"product_brand","embeddable":true,"href":"https:\/\/lucacastelli.com\/de\/wp-json\/wp\/v2\/product_brand?post=464765"},{"taxonomy":"product_cat","embeddable":true,"href":"https:\/\/lucacastelli.com\/de\/wp-json\/wp\/v2\/product_cat?post=464765"},{"taxonomy":"product_tag","embeddable":true,"href":"https:\/\/lucacastelli.com\/de\/wp-json\/wp\/v2\/product_tag?post=464765"}],"curies":[{"name":"wp","href":"https:\/\/api.w.org\/{rel}","templated":true}]}}