{"id":464758,"date":"2022-07-15T14:44:55","date_gmt":"2022-07-15T12:44:55","guid":{"rendered":"https:\/\/lucacastelli.com\/?post_type=product&#038;p=464758"},"modified":"2025-10-28T19:19:29","modified_gmt":"2025-10-28T18:19:29","slug":"vallorbe-feilengriff-woody","status":"publish","type":"product","link":"https:\/\/lucacastelli.com\/de\/produkt\/vallorbe-feilengriff-woody\/","title":{"rendered":"VALLORBE Feilengriff WOODY"},"content":{"rendered":"<p>Der Woody-Griff eignet sich perfekt f\u00fcr die Verwendung von runden Kettens\u00e4gefeilen. Es bietet dem Nutzer ein hohes Ma\u00df an Komfort. <\/p>\n<p>* Hartholz<br \/>\n* Ausgezeichnetes Preis-Leistungs-Verh\u00e4ltnis<\/p>\n","protected":false},"excerpt":{"rendered":"<p>Der Woody-Griff eignet sich perfekt f\u00fcr die Verwendung von runden Kettens\u00e4gefeilen. Es bietet dem Nutzer ein hohes Ma\u00df an Komfort.<\/p>\n","protected":false},"featured_media":53434,"template":"","meta":{"_seopress_robots_primary_cat":"","_seopress_titles_title":"","_seopress_titles_desc":"","_seopress_robots_index":""},"product_brand":[4389],"product_cat":[29,268,269,267],"product_tag":[],"class_list":{"0":"post-464758","1":"product","2":"type-product","3":"status-publish","4":"has-post-thumbnail","6":"product_brand-vallorbe","7":"product_cat-macchinari","8":"product_cat-motoseghe","9":"product_cat-accessori-e-materiale-di-consumo-tosasiepi-e-potatori","10":"product_cat-tosasiepi-e-potatori","11":"sws-gruppo-macchinari-de","12":"sws-conto-ricavi-merci-rivendita-macchinari-de","13":"sws-gruppo-iva-iva81-de","15":"first","16":"instock","17":"shipping-taxable","18":"purchasable","19":"product-type-simple"},"_links":{"self":[{"href":"https:\/\/lucacastelli.com\/de\/wp-json\/wp\/v2\/product\/464758","targetHints":{"allow":["GET"]}}],"collection":[{"href":"https:\/\/lucacastelli.com\/de\/wp-json\/wp\/v2\/product"}],"about":[{"href":"https:\/\/lucacastelli.com\/de\/wp-json\/wp\/v2\/types\/product"}],"wp:featuredmedia":[{"embeddable":true,"href":"https:\/\/lucacastelli.com\/de\/wp-json\/wp\/v2\/media\/53434"}],"wp:attachment":[{"href":"https:\/\/lucacastelli.com\/de\/wp-json\/wp\/v2\/media?parent=464758"}],"wp:term":[{"taxonomy":"product_brand","embeddable":true,"href":"https:\/\/lucacastelli.com\/de\/wp-json\/wp\/v2\/product_brand?post=464758"},{"taxonomy":"product_cat","embeddable":true,"href":"https:\/\/lucacastelli.com\/de\/wp-json\/wp\/v2\/product_cat?post=464758"},{"taxonomy":"product_tag","embeddable":true,"href":"https:\/\/lucacastelli.com\/de\/wp-json\/wp\/v2\/product_tag?post=464758"}],"curies":[{"name":"wp","href":"https:\/\/api.w.org\/{rel}","templated":true}]}}