{"id":464750,"date":"2022-07-15T14:21:17","date_gmt":"2022-07-15T12:21:17","guid":{"rendered":"https:\/\/lucacastelli.com\/?post_type=product&#038;p=464750"},"modified":"2025-07-20T18:28:16","modified_gmt":"2025-07-20T16:28:16","slug":"vallorbe-classic-feilengriff","status":"publish","type":"product","link":"https:\/\/lucacastelli.com\/de\/produkt\/vallorbe-classic-feilengriff\/","title":{"rendered":"VALLORBE Classic Feilengriff"},"content":{"rendered":"<p>Der Holzgriff ist eine unverzichtbare Erg\u00e4nzung zu runden Feilen zum Sch\u00e4rfen von Kettens\u00e4gen. Dank seiner ergonomischen Form k\u00f6nnen Sie die Feile in einem Winkel von 25\u00b0 oder 30\u00b0 positionieren. <\/p>\n<p>* Polypropylen, blau<br \/>\n * Einfach zu bedienen<br \/>\n * Gradanzeige<\/p>\n","protected":false},"excerpt":{"rendered":"<p>Der Holzgriff ist eine unverzichtbare Erg\u00e4nzung zu runden Feilen zum Sch\u00e4rfen von Kettens\u00e4gen. Dank seiner ergonomischen Form k\u00f6nnen Sie die<\/p>\n","protected":false},"featured_media":53424,"template":"","meta":{"_seopress_robots_primary_cat":"","_seopress_titles_title":"","_seopress_titles_desc":"","_seopress_robots_index":""},"product_brand":[4389],"product_cat":[29,268,269,267],"product_tag":[],"class_list":{"0":"post-464750","1":"product","2":"type-product","3":"status-publish","4":"has-post-thumbnail","6":"product_brand-vallorbe","7":"product_cat-macchinari","8":"product_cat-motoseghe","9":"product_cat-accessori-e-materiale-di-consumo-tosasiepi-e-potatori","10":"product_cat-tosasiepi-e-potatori","11":"sws-gruppo-macchinari-de","12":"sws-conto-ricavi-merci-rivendita-macchinari-de","13":"sws-gruppo-iva-iva81-de","15":"first","16":"instock","17":"shipping-taxable","18":"purchasable","19":"product-type-simple"},"_links":{"self":[{"href":"https:\/\/lucacastelli.com\/de\/wp-json\/wp\/v2\/product\/464750","targetHints":{"allow":["GET"]}}],"collection":[{"href":"https:\/\/lucacastelli.com\/de\/wp-json\/wp\/v2\/product"}],"about":[{"href":"https:\/\/lucacastelli.com\/de\/wp-json\/wp\/v2\/types\/product"}],"wp:featuredmedia":[{"embeddable":true,"href":"https:\/\/lucacastelli.com\/de\/wp-json\/wp\/v2\/media\/53424"}],"wp:attachment":[{"href":"https:\/\/lucacastelli.com\/de\/wp-json\/wp\/v2\/media?parent=464750"}],"wp:term":[{"taxonomy":"product_brand","embeddable":true,"href":"https:\/\/lucacastelli.com\/de\/wp-json\/wp\/v2\/product_brand?post=464750"},{"taxonomy":"product_cat","embeddable":true,"href":"https:\/\/lucacastelli.com\/de\/wp-json\/wp\/v2\/product_cat?post=464750"},{"taxonomy":"product_tag","embeddable":true,"href":"https:\/\/lucacastelli.com\/de\/wp-json\/wp\/v2\/product_tag?post=464750"}],"curies":[{"name":"wp","href":"https:\/\/api.w.org\/{rel}","templated":true}]}}