{"id":464743,"date":"2025-06-01T01:16:15","date_gmt":"2025-05-31T23:16:15","guid":{"rendered":"https:\/\/lucacastelli.com\/prodotto\/ghe-105\/"},"modified":"2026-03-20T21:33:24","modified_gmt":"2026-03-20T20:33:24","slug":"ghe-105","status":"publish","type":"product","link":"https:\/\/lucacastelli.com\/de\/produkt\/ghe-105\/","title":{"rendered":"STIHL GHE 105"},"content":{"rendered":"<p>Kompakter Elektro-H\u00e4cksler mit effizientem Elektromotor f\u00fcr gelegentliche Zerkleinerungsarbeiten mit mittelstarken \u00c4sten und weichem Material. Mit elektrischem Anschluss und Klee\u00f6ffnung.<br \/>\n886661755295 <\/p>\n<p>Nennspannung 230<br \/>\nNennleistung Nennleistung<\/p>\n<p>Gewicht Gewicht<br \/>\nIP IPX4<br \/>\nSchutzart Max. Astdurchmesser 35<\/p>\n","protected":false},"excerpt":{"rendered":"<p>GHE 105<\/p>\n","protected":false},"featured_media":437815,"template":"","meta":{"_seopress_robots_primary_cat":"","_seopress_titles_title":"","_seopress_titles_desc":"","_seopress_robots_index":""},"product_brand":[3554],"product_cat":[1578,1580,169],"product_tag":[3266],"class_list":{"0":"post-464743","1":"product","2":"type-product","3":"status-publish","4":"has-post-thumbnail","6":"product_brand-stihl-de","7":"product_cat-bio-zerkleinerer","8":"product_cat-elektrische-zerkleinerer","9":"product_cat-maschinen","10":"product_tag-import-stihl-de","11":"sws-gruppo-macchinari-de","12":"sws-marca-stihl-vertriebs-ag-de","13":"sws-conto-ricavi-merci-rivendita-macchinari-de","14":"sws-gruppo-iva-iva81-de","16":"first","17":"onbackorder","18":"purchasable","19":"product-type-simple"},"_links":{"self":[{"href":"https:\/\/lucacastelli.com\/de\/wp-json\/wp\/v2\/product\/464743","targetHints":{"allow":["GET"]}}],"collection":[{"href":"https:\/\/lucacastelli.com\/de\/wp-json\/wp\/v2\/product"}],"about":[{"href":"https:\/\/lucacastelli.com\/de\/wp-json\/wp\/v2\/types\/product"}],"wp:featuredmedia":[{"embeddable":true,"href":"https:\/\/lucacastelli.com\/de\/wp-json\/wp\/v2\/media\/437815"}],"wp:attachment":[{"href":"https:\/\/lucacastelli.com\/de\/wp-json\/wp\/v2\/media?parent=464743"}],"wp:term":[{"taxonomy":"product_brand","embeddable":true,"href":"https:\/\/lucacastelli.com\/de\/wp-json\/wp\/v2\/product_brand?post=464743"},{"taxonomy":"product_cat","embeddable":true,"href":"https:\/\/lucacastelli.com\/de\/wp-json\/wp\/v2\/product_cat?post=464743"},{"taxonomy":"product_tag","embeddable":true,"href":"https:\/\/lucacastelli.com\/de\/wp-json\/wp\/v2\/product_tag?post=464743"}],"curies":[{"name":"wp","href":"https:\/\/api.w.org\/{rel}","templated":true}]}}