{"id":464734,"date":"2025-06-01T01:19:16","date_gmt":"2025-05-31T23:19:16","guid":{"rendered":"https:\/\/lucacastelli.com\/prodotto\/gh-460\/"},"modified":"2025-06-28T03:56:09","modified_gmt":"2025-06-28T01:56:09","slug":"gh-460","status":"publish","type":"product","link":"https:\/\/lucacastelli.com\/de\/produkt\/gh-460\/","title":{"rendered":"STIHL GH 460"},"content":{"rendered":"<p>Leistungsstarker Benzin-Gartenh\u00e4cksler f\u00fcr hohe Arbeitsvolumina mit langlebigen \u00c4sten und weichem Material. Es funktioniert unabh\u00e4ngig vom elektrischen Anschluss. Besonders ideal f\u00fcr gro\u00dfe Mengen an zu zerkleinerndem Material. Mit Zweikammer-Zerkleinerungssystem, Sandwich-Messereinheit und &#8220;One Click\/One Turn&#8221;-Sicherheitsschalter.<br \/>\n886661779031   <\/p>\n<p>Hubraum 190<br \/>\nCO2 CO2<\/p>\n<p>Motortyp Motortyp<br \/>\nGewicht 59,0<br \/>\nMax. Astdurchmesser 60<\/p>\n","protected":false},"excerpt":{"rendered":"<p>GH 460<\/p>\n","protected":false},"featured_media":437868,"template":"","meta":{"_seopress_robots_primary_cat":"","_seopress_titles_title":"","_seopress_titles_desc":"","_seopress_robots_index":""},"product_brand":[3554],"product_cat":[1578,169,1579],"product_tag":[3266],"class_list":{"0":"post-464734","1":"product","2":"type-product","3":"status-publish","4":"has-post-thumbnail","6":"product_brand-stihl-de","7":"product_cat-bio-zerkleinerer","8":"product_cat-maschinen","9":"product_cat-motorbetriebene-zerkleinerer","10":"product_tag-import-stihl-de","11":"sws-gruppo-macchinari-de","12":"sws-marca-stihl-vertriebs-ag-de","13":"sws-conto-ricavi-merci-rivendita-macchinari-de","14":"sws-gruppo-iva-iva81-de","16":"first","17":"onbackorder","18":"purchasable","19":"product-type-simple"},"_links":{"self":[{"href":"https:\/\/lucacastelli.com\/de\/wp-json\/wp\/v2\/product\/464734","targetHints":{"allow":["GET"]}}],"collection":[{"href":"https:\/\/lucacastelli.com\/de\/wp-json\/wp\/v2\/product"}],"about":[{"href":"https:\/\/lucacastelli.com\/de\/wp-json\/wp\/v2\/types\/product"}],"wp:featuredmedia":[{"embeddable":true,"href":"https:\/\/lucacastelli.com\/de\/wp-json\/wp\/v2\/media\/437868"}],"wp:attachment":[{"href":"https:\/\/lucacastelli.com\/de\/wp-json\/wp\/v2\/media?parent=464734"}],"wp:term":[{"taxonomy":"product_brand","embeddable":true,"href":"https:\/\/lucacastelli.com\/de\/wp-json\/wp\/v2\/product_brand?post=464734"},{"taxonomy":"product_cat","embeddable":true,"href":"https:\/\/lucacastelli.com\/de\/wp-json\/wp\/v2\/product_cat?post=464734"},{"taxonomy":"product_tag","embeddable":true,"href":"https:\/\/lucacastelli.com\/de\/wp-json\/wp\/v2\/product_tag?post=464734"}],"curies":[{"name":"wp","href":"https:\/\/api.w.org\/{rel}","templated":true}]}}