{"id":464731,"date":"2025-06-01T01:18:51","date_gmt":"2025-05-31T23:18:51","guid":{"rendered":"https:\/\/lucacastelli.com\/prodotto\/ghe-450\/"},"modified":"2025-10-24T10:24:34","modified_gmt":"2025-10-24T08:24:34","slug":"ghe-450","status":"publish","type":"product","link":"https:\/\/lucacastelli.com\/de\/produkt\/ghe-450\/","title":{"rendered":"STIHL GHE 450"},"content":{"rendered":"<p>Elektrischer Gartenh\u00e4cksler mit leistungsstarkem Elektromotor f\u00fcr regelm\u00e4\u00dfige H\u00e4ckselarbeiten mit hochfesten \u00c4sten und weichem Material. Ideal f\u00fcr gro\u00dfe Mengen an zu zerkleinerndem Material. Mit Stromanschluss, Zweikammer-Zerkleinerungssystem, Sandwich-Messereinheit und &#8220;One Click\/One Turn&#8221;-Sicherheitsschalter.<br \/>\n886661779024  <\/p>\n<p>Nennspannung 400<br \/>\nNennleistung Nennleistung<\/p>\n<p>Gewicht Gewicht<br \/>\nIP-Schutzart IPX4<br \/>\nMax. Astdurchmesser 55<\/p>\n","protected":false},"excerpt":{"rendered":"<p>GHE 450<\/p>\n","protected":false},"featured_media":437863,"template":"","meta":{"_seopress_robots_primary_cat":"none","_seopress_titles_title":"","_seopress_titles_desc":"","_seopress_robots_index":""},"product_brand":[3554],"product_cat":[1578,1580,169],"product_tag":[3266],"class_list":{"0":"post-464731","1":"product","2":"type-product","3":"status-publish","4":"has-post-thumbnail","6":"product_brand-stihl-de","7":"product_cat-bio-zerkleinerer","8":"product_cat-elektrische-zerkleinerer","9":"product_cat-maschinen","10":"product_tag-import-stihl-de","11":"sws-gruppo-macchinari-de","12":"sws-marca-stihl-vertriebs-ag-de","13":"sws-conto-ricavi-merci-rivendita-macchinari-de","14":"sws-gruppo-iva-iva81-de","16":"first","17":"onbackorder","18":"purchasable","19":"product-type-simple"},"_links":{"self":[{"href":"https:\/\/lucacastelli.com\/de\/wp-json\/wp\/v2\/product\/464731","targetHints":{"allow":["GET"]}}],"collection":[{"href":"https:\/\/lucacastelli.com\/de\/wp-json\/wp\/v2\/product"}],"about":[{"href":"https:\/\/lucacastelli.com\/de\/wp-json\/wp\/v2\/types\/product"}],"wp:featuredmedia":[{"embeddable":true,"href":"https:\/\/lucacastelli.com\/de\/wp-json\/wp\/v2\/media\/437863"}],"wp:attachment":[{"href":"https:\/\/lucacastelli.com\/de\/wp-json\/wp\/v2\/media?parent=464731"}],"wp:term":[{"taxonomy":"product_brand","embeddable":true,"href":"https:\/\/lucacastelli.com\/de\/wp-json\/wp\/v2\/product_brand?post=464731"},{"taxonomy":"product_cat","embeddable":true,"href":"https:\/\/lucacastelli.com\/de\/wp-json\/wp\/v2\/product_cat?post=464731"},{"taxonomy":"product_tag","embeddable":true,"href":"https:\/\/lucacastelli.com\/de\/wp-json\/wp\/v2\/product_tag?post=464731"}],"curies":[{"name":"wp","href":"https:\/\/api.w.org\/{rel}","templated":true}]}}