{"id":464693,"date":"2025-06-01T00:27:17","date_gmt":"2025-05-31T22:27:17","guid":{"rendered":"https:\/\/lucacastelli.com\/prodotto\/aktenvernichter-messer-320-2\/"},"modified":"2026-03-09T00:37:10","modified_gmt":"2026-03-08T23:37:10","slug":"aktenvernichter-messer-320-2","status":"publish","type":"product","link":"https:\/\/lucacastelli.com\/de\/produkt\/aktenvernichter-messer-320-2\/","title":{"rendered":"STIHL H\u00e4ckselmesser 320-2"},"content":{"rendered":"<p>H\u00e4ckselmesser aus Stahl zum Auslichten und Beseitigen von z\u00e4hem Gras, Filz und Gestr\u00fcpp. Auch zum Schneiden von Dornenhecken. Nur mit dem entsprechenden Schutz verwenden.<br \/>\n795711130824  <\/p>\n","protected":false},"excerpt":{"rendered":"<p>H\u00e4ckselmesser 320-2<\/p>\n","protected":false},"featured_media":429995,"template":"","meta":{"_seopress_robots_primary_cat":"none","_seopress_titles_title":"","_seopress_titles_desc":"","_seopress_robots_index":""},"product_brand":[3554],"product_cat":[169,1455,1581],"product_tag":[3266],"class_list":{"0":"post-464693","1":"product","2":"type-product","3":"status-publish","4":"has-post-thumbnail","6":"product_brand-stihl-de","7":"product_cat-maschinen","8":"product_cat-zubehor-und-verbrauchsmaterial-de","9":"product_cat-freischneider-und-trimmer","10":"product_tag-import-stihl-de","11":"sws-gruppo-macchinari-de","12":"sws-conto-ricavi-merci-rivendita-macchinari-de","13":"sws-gruppo-iva-iva81-de","15":"first","16":"onbackorder","17":"purchasable","18":"product-type-simple"},"_links":{"self":[{"href":"https:\/\/lucacastelli.com\/de\/wp-json\/wp\/v2\/product\/464693","targetHints":{"allow":["GET"]}}],"collection":[{"href":"https:\/\/lucacastelli.com\/de\/wp-json\/wp\/v2\/product"}],"about":[{"href":"https:\/\/lucacastelli.com\/de\/wp-json\/wp\/v2\/types\/product"}],"wp:featuredmedia":[{"embeddable":true,"href":"https:\/\/lucacastelli.com\/de\/wp-json\/wp\/v2\/media\/429995"}],"wp:attachment":[{"href":"https:\/\/lucacastelli.com\/de\/wp-json\/wp\/v2\/media?parent=464693"}],"wp:term":[{"taxonomy":"product_brand","embeddable":true,"href":"https:\/\/lucacastelli.com\/de\/wp-json\/wp\/v2\/product_brand?post=464693"},{"taxonomy":"product_cat","embeddable":true,"href":"https:\/\/lucacastelli.com\/de\/wp-json\/wp\/v2\/product_cat?post=464693"},{"taxonomy":"product_tag","embeddable":true,"href":"https:\/\/lucacastelli.com\/de\/wp-json\/wp\/v2\/product_tag?post=464693"}],"curies":[{"name":"wp","href":"https:\/\/api.w.org\/{rel}","templated":true}]}}