{"id":464688,"date":"2025-06-01T00:27:25","date_gmt":"2025-05-31T22:27:25","guid":{"rendered":"https:\/\/lucacastelli.com\/prodotto\/aktenvernichter-messer-270-2\/"},"modified":"2025-06-28T20:08:09","modified_gmt":"2025-06-28T18:08:09","slug":"aktenvernichter-messer-270-2","status":"publish","type":"product","link":"https:\/\/lucacastelli.com\/de\/produkt\/aktenvernichter-messer-270-2\/","title":{"rendered":"STIHL Aktenvernichter-Messer 270-2"},"content":{"rendered":"<p>H\u00e4ckslermesser aus Stahl zum Ausd\u00fcnnen und Entfernen von hartn\u00e4ckigem Gestr\u00fcpp und Brombeeren.<br \/>\n795711318291<\/p>\n","protected":false},"excerpt":{"rendered":"<p>Aktenvernichter-Messer 270-2<\/p>\n","protected":false},"featured_media":429999,"template":"","meta":{"_seopress_robots_primary_cat":"","_seopress_titles_title":"","_seopress_titles_desc":"","_seopress_robots_index":""},"product_brand":[3366],"product_cat":[29,515,270],"product_tag":[3265],"class_list":{"0":"post-464688","1":"product","2":"type-product","3":"status-publish","4":"has-post-thumbnail","6":"product_brand-stihl","7":"product_cat-macchinari","8":"product_cat-accessori-e-materiale-di-consumo-altri-dispositivi","9":"product_cat-decespugliatori-e-tagliabordi","10":"product_tag-import-stihl","11":"sws-gruppo-macchinari-de","12":"sws-conto-ricavi-merci-rivendita-macchinari-de","13":"sws-gruppo-iva-iva81-de","15":"first","16":"onbackorder","17":"purchasable","18":"product-type-simple"},"_links":{"self":[{"href":"https:\/\/lucacastelli.com\/de\/wp-json\/wp\/v2\/product\/464688","targetHints":{"allow":["GET"]}}],"collection":[{"href":"https:\/\/lucacastelli.com\/de\/wp-json\/wp\/v2\/product"}],"about":[{"href":"https:\/\/lucacastelli.com\/de\/wp-json\/wp\/v2\/types\/product"}],"wp:featuredmedia":[{"embeddable":true,"href":"https:\/\/lucacastelli.com\/de\/wp-json\/wp\/v2\/media\/429999"}],"wp:attachment":[{"href":"https:\/\/lucacastelli.com\/de\/wp-json\/wp\/v2\/media?parent=464688"}],"wp:term":[{"taxonomy":"product_brand","embeddable":true,"href":"https:\/\/lucacastelli.com\/de\/wp-json\/wp\/v2\/product_brand?post=464688"},{"taxonomy":"product_cat","embeddable":true,"href":"https:\/\/lucacastelli.com\/de\/wp-json\/wp\/v2\/product_cat?post=464688"},{"taxonomy":"product_tag","embeddable":true,"href":"https:\/\/lucacastelli.com\/de\/wp-json\/wp\/v2\/product_tag?post=464688"}],"curies":[{"name":"wp","href":"https:\/\/api.w.org\/{rel}","templated":true}]}}