{"id":464678,"date":"2025-05-31T23:02:31","date_gmt":"2025-05-31T21:02:31","guid":{"rendered":"https:\/\/lucacastelli.com\/prodotto\/fsa-200-ohne-akku-und-ladegeraet\/"},"modified":"2025-05-31T23:02:31","modified_gmt":"2025-05-31T21:02:31","slug":"fsa-200-ohne-akku-und-ladegeraet","status":"publish","type":"product","link":"https:\/\/lucacastelli.com\/de\/produkt\/fsa-200-ohne-akku-und-ladegeraet\/","title":{"rendered":"FSA 200, ohne Akku und Ladeger\u00e4t"},"content":{"rendered":"<p>pMit der leistungsstarken STIHL FSA 200 k\u00f6nnen Profis im Landschafts- und Kommunalbau canhref=&#8221;https:\/\/www.stihl.it\/it\/diy-stihl\/manutenzione-attrezzi-da-giardino\/consigli-decespugliatore\/come-usare-il-decespugliatore&#8221;strongnbsp;\/strong\/astrongm\u00e4hen Sie gro\u00dfe Fl\u00e4chen\/strongnbsp; Rasen auf sehr effektive und komfortable Weise, auch in l\u00e4rmempfindlichen Bereichen. Der ergonomische Zweihandgriff (Lenker) unterst\u00fctzt ein komfortables Arbeiten beim Schneiden von hohem Gras und Unkraut. Durch die klappbare Feststellvorrichtung k\u00f6nnen Sie den Lenker schnell und einfach in die ergonomische Position bringen, die am besten zu Ihnen passt.\/ppMit einem Schnittkreis von bis zu 450 mm und dem leistungsstarken EC-Motor haben Sie mit dem STIHL FSA 200 die idealen Voraussetzungen f\u00fcr eine effiziente Landschaftsgestaltung, insbesondere beim M\u00e4hen von Gras und Reisig. Am optimierten ergonomischen Griff k\u00f6nnen Sie die Geschwindigkeit in 3 Stufen einstellen, um so effizient und wirtschaftlich wie m\u00f6glich zu arbeiten. Der Energiesparmodus wird durch LEDs angezeigt. Je nach Anwendung kann die Drehzahl auch stufenlos eingestellt werden. Das STIHL Anti-Vibrations-System reduziert die Vibrationen des STIHL FSA 200 und schont so Ihre Muskeln und Gelenke.\/ppEin Luftfilter am robusten Geh\u00e4use des Ger\u00e4tes sorgt f\u00fcr eine lange Lebensdauer des Freischneiders, da der Motor immer optimal gek\u00fchlt wird. Au\u00dferdem ist es leicht zu reinigen. Der Ger\u00e4tek\u00f6rper des FSA 200 ist bereits f\u00fcr den Einsatz mit strongnbsp vorbereitet; STIHL Smart Connector 2 A\/strong.nbsp;\/ppAlle Akku-Ger\u00e4te delnbsp; strongsystem STIHL AP\/strongnbsp; Sie sind f\u00fcr professionelle Anwender und f\u00fcr den t\u00e4glichen Gebrauch auch bei widrigen Wetterbedingungen konzipiert. Deshalb haben sie den Spritzwasserschutz getestet. Die Wirksamkeit wird durch strenge interne Tests nachgewiesen. Der Wasserspritztest basiert unter anderem auf dem IPX4-Standard. F\u00fcr die STIHL FSA 200 wurde der bereits in internen Tests nachgewiesene Spritzwasserschutz auch nach Schutzklasse IPX4 zertifiziert.\/p<br \/>\n886661797622<\/p>\n<p>Nennspannung 36<br \/>\nLeistungsaufnahme Leistungsaufnahme<\/p>\n<p>Power Power<br \/>\nBattery System AP<br \/>\nEmpfohlene Batterie AP 500 S<\/p>\n","protected":false},"excerpt":{"rendered":"<p>FSA 200, ohne Akku und Ladeger\u00e4t<\/p>\n","protected":false},"featured_media":424226,"template":"","meta":{"_seopress_robots_primary_cat":"","_seopress_titles_title":"","_seopress_titles_desc":"","_seopress_robots_index":""},"product_brand":[3554],"product_cat":[1609,1581,169],"product_tag":[3266],"class_list":{"0":"post-464678","1":"product","2":"type-product","3":"status-publish","4":"has-post-thumbnail","6":"product_brand-stihl-de","7":"product_cat-akkubetriebene-freischneider-und-trimmer","8":"product_cat-freischneider-und-trimmer","9":"product_cat-maschinen","10":"product_tag-import-stihl-de","11":"sws-gruppo-macchinari-de","12":"sws-conto-ricavi-merci-rivendita-macchinari-de","13":"sws-gruppo-iva-iva81-de","15":"first","16":"onbackorder","17":"purchasable","18":"product-type-simple"},"_links":{"self":[{"href":"https:\/\/lucacastelli.com\/de\/wp-json\/wp\/v2\/product\/464678","targetHints":{"allow":["GET"]}}],"collection":[{"href":"https:\/\/lucacastelli.com\/de\/wp-json\/wp\/v2\/product"}],"about":[{"href":"https:\/\/lucacastelli.com\/de\/wp-json\/wp\/v2\/types\/product"}],"wp:featuredmedia":[{"embeddable":true,"href":"https:\/\/lucacastelli.com\/de\/wp-json\/wp\/v2\/media\/424226"}],"wp:attachment":[{"href":"https:\/\/lucacastelli.com\/de\/wp-json\/wp\/v2\/media?parent=464678"}],"wp:term":[{"taxonomy":"product_brand","embeddable":true,"href":"https:\/\/lucacastelli.com\/de\/wp-json\/wp\/v2\/product_brand?post=464678"},{"taxonomy":"product_cat","embeddable":true,"href":"https:\/\/lucacastelli.com\/de\/wp-json\/wp\/v2\/product_cat?post=464678"},{"taxonomy":"product_tag","embeddable":true,"href":"https:\/\/lucacastelli.com\/de\/wp-json\/wp\/v2\/product_tag?post=464678"}],"curies":[{"name":"wp","href":"https:\/\/api.w.org\/{rel}","templated":true}]}}