{"id":464673,"date":"2025-05-31T22:59:48","date_gmt":"2025-05-31T20:59:48","guid":{"rendered":"https:\/\/lucacastelli.com\/prodotto\/fsa-120-ohne-akku-ohne-ladegeraet\/"},"modified":"2025-05-31T22:59:48","modified_gmt":"2025-05-31T20:59:48","slug":"fsa-120-ohne-akku-ohne-ladegeraet","status":"publish","type":"product","link":"https:\/\/lucacastelli.com\/de\/produkt\/fsa-120-ohne-akku-ohne-ladegeraet\/","title":{"rendered":"FSA 120, ohne Akku, ohne Ladeger\u00e4t"},"content":{"rendered":"<p>pLeistungsstarker Akku-Freischneider mit hervorragender Schnittleistung f\u00fcr das hartn\u00e4ckigste Gras. B\u00fcrstenloser EC-Motor, Geschwindigkeitseinstellung und zwei Leistungsstufen (Eco und Max), optimale Balance, Werkzeugerkennung, ergonomischer Zweihandgriff (Lenker), der ohne Werkzeug in der H\u00f6he verstellbar ist. Mit Rasenm\u00e4hermesser GSB 230-2. Gro\u00dfe Auswahl an Schneidwerkzeugen, die als Zubeh\u00f6r 886661767694 erh\u00e4ltlich sind.<\/p>\n<p>Nennspannung 36<br \/>\nLeistungsaufnahme Leistungsaufnahme<\/p>\n<p>Power Power<br \/>\nBattery System AP<br \/>\nEmpfohlene Batterie AP 300 S<\/p>\n","protected":false},"excerpt":{"rendered":"<p>FSA 120, ohne Akku, ohne Ladeger\u00e4t<\/p>\n","protected":false},"featured_media":423960,"template":"","meta":{"_seopress_robots_primary_cat":"","_seopress_titles_title":"","_seopress_titles_desc":"","_seopress_robots_index":""},"product_brand":[3554],"product_cat":[1609,1581,169],"product_tag":[3266],"class_list":{"0":"post-464673","1":"product","2":"type-product","3":"status-publish","4":"has-post-thumbnail","6":"product_brand-stihl-de","7":"product_cat-akkubetriebene-freischneider-und-trimmer","8":"product_cat-freischneider-und-trimmer","9":"product_cat-maschinen","10":"product_tag-import-stihl-de","11":"sws-gruppo-macchinari-de","12":"sws-conto-ricavi-merci-rivendita-macchinari-de","13":"sws-gruppo-iva-iva81-de","15":"first","16":"onbackorder","17":"purchasable","18":"product-type-simple"},"_links":{"self":[{"href":"https:\/\/lucacastelli.com\/de\/wp-json\/wp\/v2\/product\/464673","targetHints":{"allow":["GET"]}}],"collection":[{"href":"https:\/\/lucacastelli.com\/de\/wp-json\/wp\/v2\/product"}],"about":[{"href":"https:\/\/lucacastelli.com\/de\/wp-json\/wp\/v2\/types\/product"}],"wp:featuredmedia":[{"embeddable":true,"href":"https:\/\/lucacastelli.com\/de\/wp-json\/wp\/v2\/media\/423960"}],"wp:attachment":[{"href":"https:\/\/lucacastelli.com\/de\/wp-json\/wp\/v2\/media?parent=464673"}],"wp:term":[{"taxonomy":"product_brand","embeddable":true,"href":"https:\/\/lucacastelli.com\/de\/wp-json\/wp\/v2\/product_brand?post=464673"},{"taxonomy":"product_cat","embeddable":true,"href":"https:\/\/lucacastelli.com\/de\/wp-json\/wp\/v2\/product_cat?post=464673"},{"taxonomy":"product_tag","embeddable":true,"href":"https:\/\/lucacastelli.com\/de\/wp-json\/wp\/v2\/product_tag?post=464673"}],"curies":[{"name":"wp","href":"https:\/\/api.w.org\/{rel}","templated":true}]}}