{"id":464670,"date":"2025-05-31T22:59:35","date_gmt":"2025-05-31T20:59:35","guid":{"rendered":"https:\/\/lucacastelli.com\/prodotto\/fsa-80-r-mit-ak-30-s-und-al-101\/"},"modified":"2026-04-15T11:23:47","modified_gmt":"2026-04-15T09:23:47","slug":"fsa-80-r-mit-ak-30-s-und-al-101","status":"publish","type":"product","link":"https:\/\/lucacastelli.com\/de\/produkt\/fsa-80-r-mit-ak-30-s-und-al-101\/","title":{"rendered":"STIHL FSA 80 R, mit AK 30 S und AL 101"},"content":{"rendered":"<p>pDer leistungsst\u00e4rkste Akku-Freischneider des STIHL AK-Systems mit sehr guter Schnittleistung zum M\u00e4hen von Rasen und Trimmen von Kanten im heimischen Garten. B\u00fcrstenloser EC-Motor, Drehzahlregulierung und zwei Leistungsstufen (Eco und Max), Zweihandgriff (M\u00e4hlenker), werkzeuglose Griffeinstellung, Werkzeugerkennung, Traggurt f\u00fcr hohen Arbeitskomfort durch gute Balance. Mit M\u00e4hkopf AutoCut 27-2. Gro\u00dfe Auswahl an Schneidwerkzeugen als Zubeh\u00f6r erh\u00e4ltlich.\/p<br \/>\n886661711376<\/p>\n<p>Nennspannung 36 V<br \/>\nLeistungsaufnahme Leistungsaufnahme<\/p>\n<p>Leistung Leistung<br \/>\nAkku-System AK<br \/>\nEmpfohlener Akku AK 30<\/p>\n","protected":false},"excerpt":{"rendered":"<p>FSA 80 R, mit AK 30 S und AL 101<\/p>\n","protected":false},"featured_media":423915,"template":"","meta":{"_seopress_robots_primary_cat":"none","_seopress_titles_title":"","_seopress_titles_desc":"","_seopress_robots_index":""},"product_brand":[3366],"product_cat":[29,270,281],"product_tag":[3265],"class_list":{"0":"post-464670","1":"product","2":"type-product","3":"status-publish","4":"has-post-thumbnail","6":"product_brand-stihl","7":"product_cat-macchinari","8":"product_cat-decespugliatori-e-tagliabordi","9":"product_cat-decespugliatori-e-tagliabordi-a-batteria","10":"product_tag-import-stihl","11":"sws-gruppo-macchinari-de","12":"sws-conto-ricavi-merci-rivendita-macchinari-de","13":"sws-gruppo-iva-iva81-de","15":"first","16":"onbackorder","17":"purchasable","18":"product-type-simple"},"_links":{"self":[{"href":"https:\/\/lucacastelli.com\/de\/wp-json\/wp\/v2\/product\/464670","targetHints":{"allow":["GET"]}}],"collection":[{"href":"https:\/\/lucacastelli.com\/de\/wp-json\/wp\/v2\/product"}],"about":[{"href":"https:\/\/lucacastelli.com\/de\/wp-json\/wp\/v2\/types\/product"}],"wp:featuredmedia":[{"embeddable":true,"href":"https:\/\/lucacastelli.com\/de\/wp-json\/wp\/v2\/media\/423915"}],"wp:attachment":[{"href":"https:\/\/lucacastelli.com\/de\/wp-json\/wp\/v2\/media?parent=464670"}],"wp:term":[{"taxonomy":"product_brand","embeddable":true,"href":"https:\/\/lucacastelli.com\/de\/wp-json\/wp\/v2\/product_brand?post=464670"},{"taxonomy":"product_cat","embeddable":true,"href":"https:\/\/lucacastelli.com\/de\/wp-json\/wp\/v2\/product_cat?post=464670"},{"taxonomy":"product_tag","embeddable":true,"href":"https:\/\/lucacastelli.com\/de\/wp-json\/wp\/v2\/product_tag?post=464670"}],"curies":[{"name":"wp","href":"https:\/\/api.w.org\/{rel}","templated":true}]}}