{"id":464667,"date":"2025-05-31T22:59:35","date_gmt":"2025-05-31T20:59:35","guid":{"rendered":"https:\/\/lucacastelli.com\/prodotto\/fsa-80-r-ohne-akku-und-ohne-ladegeraet\/"},"modified":"2025-08-28T13:53:35","modified_gmt":"2025-08-28T11:53:35","slug":"fsa-80-r-ohne-akku-und-ohne-ladegeraet","status":"publish","type":"product","link":"https:\/\/lucacastelli.com\/de\/produkt\/fsa-80-r-ohne-akku-und-ohne-ladegeraet\/","title":{"rendered":"FSA 80 R, ohne Akku und ohne Ladeger\u00e4t"},"content":{"rendered":"<p>pDer leistungsst\u00e4rkste Akku-Freischneider im AK-System STIHL mit hervorragender Schnittleistung f\u00fcr das M\u00e4hen von Rasen und das Trimmen von Kanten im heimischen Garten. B\u00fcrstenloser EC-Motor, Geschwindigkeitseinstellung und zwei Leistungsstufen (Eco und Max), Zweihandgriff (Lenker), werkzeuglose Griffverstellung, Werkzeugerkennung, Schultergurt f\u00fcr Bedienkomfort dank guter Balance. Mit AutoCut 27-2 M\u00e4hkopf. Gro\u00dfe Auswahl an Schneidwerkzeugen als Zubeh\u00f6r erh\u00e4ltlich.\/p<br \/>\n886661711277<\/p>\n<p>Nennspannung 36<br \/>\nStromverbrauch<\/p>\n<p>Stromverbrauch Leistung<br \/>\nAK<br \/>\nAkkusystem AK empfohlener Akku AK 30<\/p>\n","protected":false},"excerpt":{"rendered":"<p>FSA 80 R, ohne Akku und ohne Ladeger\u00e4t<\/p>\n","protected":false},"featured_media":423900,"template":"","meta":{"_seopress_robots_primary_cat":"none","_seopress_titles_title":"","_seopress_titles_desc":"","_seopress_robots_index":""},"product_brand":[3554],"product_cat":[1609,1581,169],"product_tag":[3266],"class_list":{"0":"post-464667","1":"product","2":"type-product","3":"status-publish","4":"has-post-thumbnail","6":"product_brand-stihl-de","7":"product_cat-akkubetriebene-freischneider-und-trimmer","8":"product_cat-freischneider-und-trimmer","9":"product_cat-maschinen","10":"product_tag-import-stihl-de","11":"sws-gruppo-macchinari-de","12":"sws-conto-ricavi-merci-rivendita-macchinari-de","13":"sws-gruppo-iva-iva81-de","15":"first","16":"onbackorder","17":"purchasable","18":"product-type-simple"},"_links":{"self":[{"href":"https:\/\/lucacastelli.com\/de\/wp-json\/wp\/v2\/product\/464667","targetHints":{"allow":["GET"]}}],"collection":[{"href":"https:\/\/lucacastelli.com\/de\/wp-json\/wp\/v2\/product"}],"about":[{"href":"https:\/\/lucacastelli.com\/de\/wp-json\/wp\/v2\/types\/product"}],"wp:featuredmedia":[{"embeddable":true,"href":"https:\/\/lucacastelli.com\/de\/wp-json\/wp\/v2\/media\/423900"}],"wp:attachment":[{"href":"https:\/\/lucacastelli.com\/de\/wp-json\/wp\/v2\/media?parent=464667"}],"wp:term":[{"taxonomy":"product_brand","embeddable":true,"href":"https:\/\/lucacastelli.com\/de\/wp-json\/wp\/v2\/product_brand?post=464667"},{"taxonomy":"product_cat","embeddable":true,"href":"https:\/\/lucacastelli.com\/de\/wp-json\/wp\/v2\/product_cat?post=464667"},{"taxonomy":"product_tag","embeddable":true,"href":"https:\/\/lucacastelli.com\/de\/wp-json\/wp\/v2\/product_tag?post=464667"}],"curies":[{"name":"wp","href":"https:\/\/api.w.org\/{rel}","templated":true}]}}