{"id":464665,"date":"2025-05-31T22:59:33","date_gmt":"2025-05-31T20:59:33","guid":{"rendered":"https:\/\/lucacastelli.com\/prodotto\/fsa-80-mit-ak-30-s-und-al-101\/"},"modified":"2025-05-31T22:59:33","modified_gmt":"2025-05-31T20:59:33","slug":"fsa-80-mit-ak-30-s-und-al-101","status":"publish","type":"product","link":"https:\/\/lucacastelli.com\/de\/produkt\/fsa-80-mit-ak-30-s-und-al-101\/","title":{"rendered":"FSA 80, mit AK 30 S und AL 101"},"content":{"rendered":"<p>pDer leistungsst\u00e4rkste Akku-Freischneider im AK-System STIHL mit hervorragender Schnittleistung f\u00fcr das M\u00e4hen von Rasen und das Trimmen von Kanten im heimischen Garten. B\u00fcrstenloser EC-Motor, Geschwindigkeitseinstellung und zwei Leistungsstufen (Eco und Max), Zweihandgriff (Lenker), werkzeuglose Griffverstellung, Werkzeugerkennung, Schultergurt f\u00fcr Bedienkomfort dank guter Balance. Mit Rasenm\u00e4hermesser GSB 230-2. Gro\u00dfe Auswahl an Schneidwerkzeugen als Zubeh\u00f6r erh\u00e4ltlich.\/p<br \/>\n886661710690<\/p>\n<p>Nennspannung 36<br \/>\nStromverbrauch<\/p>\n<p>Stromverbrauch Power AK<\/p>\n<p>Akkusystem Empfohlener Akku AK 30<\/p>\n","protected":false},"excerpt":{"rendered":"<p>FSA 80, mit AK 30 S und AL 101<\/p>\n","protected":false},"featured_media":423888,"template":"","meta":{"_seopress_robots_primary_cat":"","_seopress_titles_title":"","_seopress_titles_desc":"","_seopress_robots_index":""},"product_brand":[3554],"product_cat":[1609,1581,169],"product_tag":[3266],"class_list":{"0":"post-464665","1":"product","2":"type-product","3":"status-publish","4":"has-post-thumbnail","6":"product_brand-stihl-de","7":"product_cat-akkubetriebene-freischneider-und-trimmer","8":"product_cat-freischneider-und-trimmer","9":"product_cat-maschinen","10":"product_tag-import-stihl-de","11":"sws-gruppo-macchinari-de","12":"sws-conto-ricavi-merci-rivendita-macchinari-de","13":"sws-gruppo-iva-iva81-de","15":"first","16":"onbackorder","17":"purchasable","18":"product-type-simple"},"_links":{"self":[{"href":"https:\/\/lucacastelli.com\/de\/wp-json\/wp\/v2\/product\/464665","targetHints":{"allow":["GET"]}}],"collection":[{"href":"https:\/\/lucacastelli.com\/de\/wp-json\/wp\/v2\/product"}],"about":[{"href":"https:\/\/lucacastelli.com\/de\/wp-json\/wp\/v2\/types\/product"}],"wp:featuredmedia":[{"embeddable":true,"href":"https:\/\/lucacastelli.com\/de\/wp-json\/wp\/v2\/media\/423888"}],"wp:attachment":[{"href":"https:\/\/lucacastelli.com\/de\/wp-json\/wp\/v2\/media?parent=464665"}],"wp:term":[{"taxonomy":"product_brand","embeddable":true,"href":"https:\/\/lucacastelli.com\/de\/wp-json\/wp\/v2\/product_brand?post=464665"},{"taxonomy":"product_cat","embeddable":true,"href":"https:\/\/lucacastelli.com\/de\/wp-json\/wp\/v2\/product_cat?post=464665"},{"taxonomy":"product_tag","embeddable":true,"href":"https:\/\/lucacastelli.com\/de\/wp-json\/wp\/v2\/product_tag?post=464665"}],"curies":[{"name":"wp","href":"https:\/\/api.w.org\/{rel}","templated":true}]}}