{"id":464662,"date":"2025-05-31T22:59:22","date_gmt":"2025-05-31T20:59:22","guid":{"rendered":"https:\/\/lucacastelli.com\/prodotto\/rga-140-ohne-akku-und-ohne-magazin\/"},"modified":"2025-05-31T22:59:22","modified_gmt":"2025-05-31T20:59:22","slug":"rga-140-ohne-akku-und-ohne-magazin","status":"publish","type":"product","link":"https:\/\/lucacastelli.com\/de\/produkt\/rga-140-ohne-akku-und-ohne-magazin\/","title":{"rendered":"RGA 140, ohne Akku und ohne Magazin"},"content":{"rendered":"<p>Leistungsstarke akkubetriebene Zirkularschere f\u00fcr die professionelle mechanische Unkrautentfernung. AP-Batteriefach im Ger\u00e4t, ergonomischer Bediengriff mit dreistufiger Drehzahlvorwahl und LED-Anzeige sowie stufenloser Geschwindigkeitseinstellung, Zweihandgriff, doppelter Schultergurt, Luftfilter f\u00fcr eine lange Lebensdauer. Die robuste Zirkularschere erm\u00f6glicht eine effektive Entfernung mit reduzierter tangentialer Wurfwirkung von Unkraut und Gras auf verschiedenen Oberfl\u00e4chen wie Kies oder befestigten Fl\u00e4chen. Bereitstellung des STIHL Smart Connectors 2 A im Werkzeuggeh\u00e4use.<br \/>\n886661731527   <\/p>\n<p>Nennspannung 36<br \/>\nLeistung Leistung<\/p>\n<p>Batteriesystem Batteriesystem Ger\u00e4tegewicht<br \/>\n6,4<br \/>\nSchnittkreis Durchmesser 230<\/p>\n","protected":false},"excerpt":{"rendered":"<p>RGA 140, ohne Akku und ohne Magazin<\/p>\n","protected":false},"featured_media":423864,"template":"","meta":{"_seopress_robots_primary_cat":"","_seopress_titles_title":"","_seopress_titles_desc":"","_seopress_robots_index":""},"product_brand":[3554],"product_cat":[1609,1581,169],"product_tag":[3266],"class_list":{"0":"post-464662","1":"product","2":"type-product","3":"status-publish","4":"has-post-thumbnail","6":"product_brand-stihl-de","7":"product_cat-akkubetriebene-freischneider-und-trimmer","8":"product_cat-freischneider-und-trimmer","9":"product_cat-maschinen","10":"product_tag-import-stihl-de","11":"sws-gruppo-macchinari-de","12":"sws-conto-ricavi-merci-rivendita-macchinari-de","13":"sws-gruppo-iva-iva81-de","15":"first","16":"onbackorder","17":"purchasable","18":"product-type-simple"},"_links":{"self":[{"href":"https:\/\/lucacastelli.com\/de\/wp-json\/wp\/v2\/product\/464662","targetHints":{"allow":["GET"]}}],"collection":[{"href":"https:\/\/lucacastelli.com\/de\/wp-json\/wp\/v2\/product"}],"about":[{"href":"https:\/\/lucacastelli.com\/de\/wp-json\/wp\/v2\/types\/product"}],"wp:featuredmedia":[{"embeddable":true,"href":"https:\/\/lucacastelli.com\/de\/wp-json\/wp\/v2\/media\/423864"}],"wp:attachment":[{"href":"https:\/\/lucacastelli.com\/de\/wp-json\/wp\/v2\/media?parent=464662"}],"wp:term":[{"taxonomy":"product_brand","embeddable":true,"href":"https:\/\/lucacastelli.com\/de\/wp-json\/wp\/v2\/product_brand?post=464662"},{"taxonomy":"product_cat","embeddable":true,"href":"https:\/\/lucacastelli.com\/de\/wp-json\/wp\/v2\/product_cat?post=464662"},{"taxonomy":"product_tag","embeddable":true,"href":"https:\/\/lucacastelli.com\/de\/wp-json\/wp\/v2\/product_tag?post=464662"}],"curies":[{"name":"wp","href":"https:\/\/api.w.org\/{rel}","templated":true}]}}