{"id":464650,"date":"2025-05-31T22:53:42","date_gmt":"2025-05-31T20:53:42","guid":{"rendered":"https:\/\/lucacastelli.com\/prodotto\/schutz-o-420-mm\/"},"modified":"2025-06-28T19:40:23","modified_gmt":"2025-06-28T17:40:23","slug":"schutz-o-420-mm","status":"publish","type":"product","link":"https:\/\/lucacastelli.com\/de\/produkt\/schutz-o-420-mm\/","title":{"rendered":"STIHL Schutz \u00d8 420 mm"},"content":{"rendered":"<p>Universalschutz, \u00d8 420 mm f\u00fcr FS 89, 91, 94, 111, 131, 240, FSA 130, 135, FR 410, 460, FS-KM<br \/>\n886661198429<\/p>\n","protected":false},"excerpt":{"rendered":"<p>Schutz \u00d8 420 mm<\/p>\n","protected":false},"featured_media":423429,"template":"","meta":{"_seopress_robots_primary_cat":"","_seopress_titles_title":"","_seopress_titles_desc":"","_seopress_robots_index":""},"product_brand":[3554],"product_cat":[169,1455,1581],"product_tag":[3266],"class_list":{"0":"post-464650","1":"product","2":"type-product","3":"status-publish","4":"has-post-thumbnail","6":"product_brand-stihl-de","7":"product_cat-maschinen","8":"product_cat-zubehor-und-verbrauchsmaterial-de","9":"product_cat-freischneider-und-trimmer","10":"product_tag-import-stihl-de","11":"sws-gruppo-macchinari-de","12":"sws-conto-ricavi-merci-rivendita-macchinari-de","13":"sws-gruppo-iva-iva81-de","15":"first","16":"onbackorder","17":"purchasable","18":"product-type-simple"},"_links":{"self":[{"href":"https:\/\/lucacastelli.com\/de\/wp-json\/wp\/v2\/product\/464650","targetHints":{"allow":["GET"]}}],"collection":[{"href":"https:\/\/lucacastelli.com\/de\/wp-json\/wp\/v2\/product"}],"about":[{"href":"https:\/\/lucacastelli.com\/de\/wp-json\/wp\/v2\/types\/product"}],"wp:featuredmedia":[{"embeddable":true,"href":"https:\/\/lucacastelli.com\/de\/wp-json\/wp\/v2\/media\/423429"}],"wp:attachment":[{"href":"https:\/\/lucacastelli.com\/de\/wp-json\/wp\/v2\/media?parent=464650"}],"wp:term":[{"taxonomy":"product_brand","embeddable":true,"href":"https:\/\/lucacastelli.com\/de\/wp-json\/wp\/v2\/product_brand?post=464650"},{"taxonomy":"product_cat","embeddable":true,"href":"https:\/\/lucacastelli.com\/de\/wp-json\/wp\/v2\/product_cat?post=464650"},{"taxonomy":"product_tag","embeddable":true,"href":"https:\/\/lucacastelli.com\/de\/wp-json\/wp\/v2\/product_tag?post=464650"}],"curies":[{"name":"wp","href":"https:\/\/api.w.org\/{rel}","templated":true}]}}