{"id":464627,"date":"2025-05-31T22:44:32","date_gmt":"2025-05-31T20:44:32","guid":{"rendered":"https:\/\/lucacastelli.com\/prodotto\/rasenmaehermesser-2-zaehne-230mm\/"},"modified":"2025-09-02T15:03:38","modified_gmt":"2025-09-02T13:03:38","slug":"rasenmaehermesser-2-zaehne-230mm","status":"publish","type":"product","link":"https:\/\/lucacastelli.com\/de\/produkt\/rasenmaehermesser-2-zaehne-230mm\/","title":{"rendered":"Rasenm\u00e4hermesser, 2 Z\u00e4hne, 230mm"},"content":{"rendered":"<p>Rasentrimmermesser mit zwei Schneiden. Invertierbar. F\u00fcr gro\u00dfe Fl\u00e4chen mit hohem Gras.<br \/>\n795711117825  <\/p>\n","protected":false},"excerpt":{"rendered":"<p>Rasenm\u00e4hermesser, 2 Z\u00e4hne, 230mm<\/p>\n","protected":false},"featured_media":423056,"template":"","meta":{"_seopress_robots_primary_cat":"","_seopress_titles_title":"","_seopress_titles_desc":"","_seopress_robots_index":""},"product_brand":[3366],"product_cat":[29,270,271,281,280],"product_tag":[3265],"class_list":{"0":"post-464627","1":"product","2":"type-product","3":"status-publish","4":"has-post-thumbnail","6":"product_brand-stihl","7":"product_cat-macchinari","8":"product_cat-decespugliatori-e-tagliabordi","9":"product_cat-accessori-e-materiale-di-consumo-decespugliatori-e-tagliabordi","10":"product_cat-decespugliatori-e-tagliabordi-a-batteria","11":"product_cat-decespugliatori-e-tagliabordi-a-motore","12":"product_tag-import-stihl","13":"sws-gruppo-macchinari-de","14":"sws-conto-ricavi-merci-rivendita-macchinari-de","15":"sws-gruppo-iva-iva81-de","17":"first","18":"onbackorder","19":"purchasable","20":"product-type-simple"},"_links":{"self":[{"href":"https:\/\/lucacastelli.com\/de\/wp-json\/wp\/v2\/product\/464627","targetHints":{"allow":["GET"]}}],"collection":[{"href":"https:\/\/lucacastelli.com\/de\/wp-json\/wp\/v2\/product"}],"about":[{"href":"https:\/\/lucacastelli.com\/de\/wp-json\/wp\/v2\/types\/product"}],"wp:featuredmedia":[{"embeddable":true,"href":"https:\/\/lucacastelli.com\/de\/wp-json\/wp\/v2\/media\/423056"}],"wp:attachment":[{"href":"https:\/\/lucacastelli.com\/de\/wp-json\/wp\/v2\/media?parent=464627"}],"wp:term":[{"taxonomy":"product_brand","embeddable":true,"href":"https:\/\/lucacastelli.com\/de\/wp-json\/wp\/v2\/product_brand?post=464627"},{"taxonomy":"product_cat","embeddable":true,"href":"https:\/\/lucacastelli.com\/de\/wp-json\/wp\/v2\/product_cat?post=464627"},{"taxonomy":"product_tag","embeddable":true,"href":"https:\/\/lucacastelli.com\/de\/wp-json\/wp\/v2\/product_tag?post=464627"}],"curies":[{"name":"wp","href":"https:\/\/api.w.org\/{rel}","templated":true}]}}