{"id":464624,"date":"2025-05-31T22:44:09","date_gmt":"2025-05-31T20:44:09","guid":{"rendered":"https:\/\/lucacastelli.com\/prodotto\/hartmetall-kreissaege\/"},"modified":"2025-05-31T22:44:09","modified_gmt":"2025-05-31T20:44:09","slug":"hartmetall-kreissaege","status":"publish","type":"product","link":"https:\/\/lucacastelli.com\/de\/produkt\/hartmetall-kreissaege\/","title":{"rendered":"Hartmetall-Kreiss\u00e4ge"},"content":{"rendered":"<p>Spezialwerkzeug aus Stahl f\u00fcr astige B\u00fcsche, junge St\u00e4mme und b\u00fcndiges Schneiden. Ausf\u00fchrung f\u00fcr eine lange Lebensdauer und maximale Belastungen.<br \/>\n795711114923 <\/p>\n","protected":false},"excerpt":{"rendered":"<p>Hartmetall-Kreiss\u00e4ge<\/p>\n","protected":false},"featured_media":423047,"template":"","meta":{"_seopress_robots_primary_cat":"","_seopress_titles_title":"","_seopress_titles_desc":"","_seopress_robots_index":""},"product_brand":[3554],"product_cat":[1581,1455],"product_tag":[3266],"class_list":{"0":"post-464624","1":"product","2":"type-product","3":"status-publish","4":"has-post-thumbnail","6":"product_brand-stihl-de","7":"product_cat-freischneider-und-trimmer","8":"product_cat-zubehor-und-verbrauchsmaterial-de","9":"product_tag-import-stihl-de","10":"sws-gruppo-macchinari-de","11":"sws-conto-ricavi-merci-rivendita-macchinari-de","12":"sws-gruppo-iva-iva81-de","14":"first","15":"onbackorder","16":"purchasable","17":"product-type-simple"},"_links":{"self":[{"href":"https:\/\/lucacastelli.com\/de\/wp-json\/wp\/v2\/product\/464624","targetHints":{"allow":["GET"]}}],"collection":[{"href":"https:\/\/lucacastelli.com\/de\/wp-json\/wp\/v2\/product"}],"about":[{"href":"https:\/\/lucacastelli.com\/de\/wp-json\/wp\/v2\/types\/product"}],"wp:featuredmedia":[{"embeddable":true,"href":"https:\/\/lucacastelli.com\/de\/wp-json\/wp\/v2\/media\/423047"}],"wp:attachment":[{"href":"https:\/\/lucacastelli.com\/de\/wp-json\/wp\/v2\/media?parent=464624"}],"wp:term":[{"taxonomy":"product_brand","embeddable":true,"href":"https:\/\/lucacastelli.com\/de\/wp-json\/wp\/v2\/product_brand?post=464624"},{"taxonomy":"product_cat","embeddable":true,"href":"https:\/\/lucacastelli.com\/de\/wp-json\/wp\/v2\/product_cat?post=464624"},{"taxonomy":"product_tag","embeddable":true,"href":"https:\/\/lucacastelli.com\/de\/wp-json\/wp\/v2\/product_tag?post=464624"}],"curies":[{"name":"wp","href":"https:\/\/api.w.org\/{rel}","templated":true}]}}