{"id":464619,"date":"2025-05-31T22:43:55","date_gmt":"2025-05-31T20:43:55","guid":{"rendered":"https:\/\/lucacastelli.com\/prodotto\/kreissaege-spitze-zaehne-225mm\/"},"modified":"2026-03-02T14:15:37","modified_gmt":"2026-03-02T13:15:37","slug":"kreissaege-spitze-zaehne-225mm","status":"publish","type":"product","link":"https:\/\/lucacastelli.com\/de\/produkt\/kreissaege-spitze-zaehne-225mm\/","title":{"rendered":"STIHL Kreiss\u00e4geblatt, Spitzzahn, 225 mm"},"content":{"rendered":"<p>Spezialwerkzeug aus Stahl f\u00fcr knorrige Str\u00e4ucher, d\u00fcnne Baumst\u00e4mme und bodennahes Schneiden. Geeignet f\u00fcr Freischneider ab mittlerer Leistung.<br \/>\n795711043391 <\/p>\n","protected":false},"excerpt":{"rendered":"<p>Kreiss\u00e4geblatt, Spitzzahn, 225 mm<\/p>\n","protected":false},"featured_media":678844,"template":"","meta":{"_seopress_robots_primary_cat":"none","_seopress_titles_title":"","_seopress_titles_desc":"","_seopress_robots_index":""},"product_brand":[3554],"product_cat":[1581,1455],"product_tag":[3266],"class_list":{"0":"post-464619","1":"product","2":"type-product","3":"status-publish","4":"has-post-thumbnail","6":"product_brand-stihl-de","7":"product_cat-freischneider-und-trimmer","8":"product_cat-zubehor-und-verbrauchsmaterial-de","9":"product_tag-import-stihl-de","10":"sws-gruppo-macchinari-de","11":"sws-conto-ricavi-merci-rivendita-macchinari-de","12":"sws-gruppo-iva-iva81-de","14":"first","15":"onbackorder","16":"purchasable","17":"product-type-simple"},"_links":{"self":[{"href":"https:\/\/lucacastelli.com\/de\/wp-json\/wp\/v2\/product\/464619","targetHints":{"allow":["GET"]}}],"collection":[{"href":"https:\/\/lucacastelli.com\/de\/wp-json\/wp\/v2\/product"}],"about":[{"href":"https:\/\/lucacastelli.com\/de\/wp-json\/wp\/v2\/types\/product"}],"wp:featuredmedia":[{"embeddable":true,"href":"https:\/\/lucacastelli.com\/de\/wp-json\/wp\/v2\/media\/678844"}],"wp:attachment":[{"href":"https:\/\/lucacastelli.com\/de\/wp-json\/wp\/v2\/media?parent=464619"}],"wp:term":[{"taxonomy":"product_brand","embeddable":true,"href":"https:\/\/lucacastelli.com\/de\/wp-json\/wp\/v2\/product_brand?post=464619"},{"taxonomy":"product_cat","embeddable":true,"href":"https:\/\/lucacastelli.com\/de\/wp-json\/wp\/v2\/product_cat?post=464619"},{"taxonomy":"product_tag","embeddable":true,"href":"https:\/\/lucacastelli.com\/de\/wp-json\/wp\/v2\/product_tag?post=464619"}],"curies":[{"name":"wp","href":"https:\/\/api.w.org\/{rel}","templated":true}]}}