{"id":464599,"date":"2025-05-31T22:38:38","date_gmt":"2025-05-31T20:38:38","guid":{"rendered":"https:\/\/lucacastelli.com\/prodotto\/fuer-durocut-40-4-gr-xxl-4-mm-rund\/"},"modified":"2026-03-09T00:37:12","modified_gmt":"2026-03-08T23:37:12","slug":"fuer-durocut-40-4-gr-xxl-4-mm-rund","status":"publish","type":"product","link":"https:\/\/lucacastelli.com\/de\/produkt\/fuer-durocut-40-4-gr-xxl-4-mm-rund\/","title":{"rendered":"STIHL F\u00fcr DuroCut 40-4, Gr\u00f6\u00dfe XXL, 4 mm, rund"},"content":{"rendered":"<p>pFadenst\u00fccke f\u00fcr DuroCut-M\u00e4hk\u00f6pfe, abriebfest und elastisch.\/p<br \/>\n886661128549<\/p>\n","protected":false},"excerpt":{"rendered":"<p>F\u00fcr DuroCut 40-4, Gr\u00f6\u00dfe XXL, 4 mm, rund<\/p>\n","protected":false},"featured_media":422918,"template":"","meta":{"_seopress_robots_primary_cat":"","_seopress_titles_title":"","_seopress_titles_desc":"","_seopress_robots_index":""},"product_brand":[3366],"product_cat":[515,270],"product_tag":[3265],"class_list":{"0":"post-464599","1":"product","2":"type-product","3":"status-publish","4":"has-post-thumbnail","6":"product_brand-stihl","7":"product_cat-accessori-e-materiale-di-consumo-altri-dispositivi","8":"product_cat-decespugliatori-e-tagliabordi","9":"product_tag-import-stihl","10":"sws-gruppo-macchinari-de","11":"sws-conto-ricavi-merci-rivendita-macchinari-de","12":"sws-gruppo-iva-iva81-de","14":"first","15":"onbackorder","16":"purchasable","17":"product-type-simple"},"_links":{"self":[{"href":"https:\/\/lucacastelli.com\/de\/wp-json\/wp\/v2\/product\/464599","targetHints":{"allow":["GET"]}}],"collection":[{"href":"https:\/\/lucacastelli.com\/de\/wp-json\/wp\/v2\/product"}],"about":[{"href":"https:\/\/lucacastelli.com\/de\/wp-json\/wp\/v2\/types\/product"}],"wp:featuredmedia":[{"embeddable":true,"href":"https:\/\/lucacastelli.com\/de\/wp-json\/wp\/v2\/media\/422918"}],"wp:attachment":[{"href":"https:\/\/lucacastelli.com\/de\/wp-json\/wp\/v2\/media?parent=464599"}],"wp:term":[{"taxonomy":"product_brand","embeddable":true,"href":"https:\/\/lucacastelli.com\/de\/wp-json\/wp\/v2\/product_brand?post=464599"},{"taxonomy":"product_cat","embeddable":true,"href":"https:\/\/lucacastelli.com\/de\/wp-json\/wp\/v2\/product_cat?post=464599"},{"taxonomy":"product_tag","embeddable":true,"href":"https:\/\/lucacastelli.com\/de\/wp-json\/wp\/v2\/product_tag?post=464599"}],"curies":[{"name":"wp","href":"https:\/\/api.w.org\/{rel}","templated":true}]}}