{"id":464566,"date":"2025-06-01T00:34:33","date_gmt":"2025-05-31T22:34:33","guid":{"rendered":"https:\/\/lucacastelli.com\/prodotto\/kreissaegenanschlag-und-schutz-o-225-mm\/"},"modified":"2025-06-28T20:12:30","modified_gmt":"2025-06-28T18:12:30","slug":"kreissaegenanschlag-und-schutz-o-225-mm","status":"publish","type":"product","link":"https:\/\/lucacastelli.com\/de\/produkt\/kreissaegenanschlag-und-schutz-o-225-mm\/","title":{"rendered":"STIHL Kreiss\u00e4genanschlag und -schutz, \u00d8 225 mm"},"content":{"rendered":"<p>Stabiler Kreiss\u00e4geanschlag, 225mm.<br \/>\n795711557904<\/p>\n","protected":false},"excerpt":{"rendered":"<p>Kreiss\u00e4genanschlag und -schutz, \u00d8 225 mm<\/p>\n","protected":false},"featured_media":430320,"template":"","meta":{"_seopress_robots_primary_cat":"","_seopress_titles_title":"","_seopress_titles_desc":"","_seopress_robots_index":""},"product_brand":[3366],"product_cat":[186,29,270],"product_tag":[3265],"class_list":{"0":"post-464566","1":"product","2":"type-product","3":"status-publish","4":"has-post-thumbnail","6":"product_brand-stihl","7":"product_cat-accessori-per-labbigliamento","8":"product_cat-macchinari","9":"product_cat-decespugliatori-e-tagliabordi","10":"product_tag-import-stihl","11":"sws-gruppo-macchinari-de","12":"sws-conto-ricavi-merci-rivendita-macchinari-de","13":"sws-gruppo-iva-iva81-de","15":"first","16":"onbackorder","17":"purchasable","18":"product-type-simple"},"_links":{"self":[{"href":"https:\/\/lucacastelli.com\/de\/wp-json\/wp\/v2\/product\/464566","targetHints":{"allow":["GET"]}}],"collection":[{"href":"https:\/\/lucacastelli.com\/de\/wp-json\/wp\/v2\/product"}],"about":[{"href":"https:\/\/lucacastelli.com\/de\/wp-json\/wp\/v2\/types\/product"}],"wp:featuredmedia":[{"embeddable":true,"href":"https:\/\/lucacastelli.com\/de\/wp-json\/wp\/v2\/media\/430320"}],"wp:attachment":[{"href":"https:\/\/lucacastelli.com\/de\/wp-json\/wp\/v2\/media?parent=464566"}],"wp:term":[{"taxonomy":"product_brand","embeddable":true,"href":"https:\/\/lucacastelli.com\/de\/wp-json\/wp\/v2\/product_brand?post=464566"},{"taxonomy":"product_cat","embeddable":true,"href":"https:\/\/lucacastelli.com\/de\/wp-json\/wp\/v2\/product_cat?post=464566"},{"taxonomy":"product_tag","embeddable":true,"href":"https:\/\/lucacastelli.com\/de\/wp-json\/wp\/v2\/product_tag?post=464566"}],"curies":[{"name":"wp","href":"https:\/\/api.w.org\/{rel}","templated":true}]}}