{"id":464561,"date":"2025-06-01T00:34:39","date_gmt":"2025-05-31T22:34:39","guid":{"rendered":"https:\/\/lucacastelli.com\/prodotto\/universal-schultergurt-advance-standardgroesse\/"},"modified":"2025-08-08T14:35:14","modified_gmt":"2025-08-08T12:35:14","slug":"universal-schultergurt-advance-standardgroesse","status":"publish","type":"product","link":"https:\/\/lucacastelli.com\/de\/produkt\/universal-schultergurt-advance-standardgroesse\/","title":{"rendered":"STIHL Universal-Schultergurt ADVANCE, Standardgr\u00f6\u00dfe"},"content":{"rendered":"<p>Besonders ergonomisch, komfortabel und leicht. Zum M\u00e4hen und Zerkleinern mit weniger Kraftaufwand. Auch mit Brustgurt und Rucksack f\u00fcr Werkzeug erh\u00e4ltlich. F\u00fcr FS 50 &#8211; FS 560.<br \/>\n795711424602   <\/p>\n","protected":false},"excerpt":{"rendered":"<p>Universal-Schultergurt ADVANCE, Standardgr\u00f6\u00dfe<\/p>\n","protected":false},"featured_media":430325,"template":"","meta":{"_seopress_robots_primary_cat":"","_seopress_titles_title":"","_seopress_titles_desc":"","_seopress_robots_index":""},"product_brand":[3554],"product_cat":[1391,169,1581],"product_tag":[3266],"class_list":{"0":"post-464561","1":"product","2":"type-product","3":"status-publish","4":"has-post-thumbnail","6":"product_brand-stihl-de","7":"product_cat-bekleidungs-accessoires","8":"product_cat-maschinen","9":"product_cat-freischneider-und-trimmer","10":"product_tag-import-stihl-de","11":"sws-gruppo-macchinari-de","12":"sws-conto-ricavi-merci-rivendita-macchinari-de","13":"sws-gruppo-iva-iva81-de","15":"first","16":"onbackorder","17":"purchasable","18":"product-type-simple"},"_links":{"self":[{"href":"https:\/\/lucacastelli.com\/de\/wp-json\/wp\/v2\/product\/464561","targetHints":{"allow":["GET"]}}],"collection":[{"href":"https:\/\/lucacastelli.com\/de\/wp-json\/wp\/v2\/product"}],"about":[{"href":"https:\/\/lucacastelli.com\/de\/wp-json\/wp\/v2\/types\/product"}],"wp:featuredmedia":[{"embeddable":true,"href":"https:\/\/lucacastelli.com\/de\/wp-json\/wp\/v2\/media\/430325"}],"wp:attachment":[{"href":"https:\/\/lucacastelli.com\/de\/wp-json\/wp\/v2\/media?parent=464561"}],"wp:term":[{"taxonomy":"product_brand","embeddable":true,"href":"https:\/\/lucacastelli.com\/de\/wp-json\/wp\/v2\/product_brand?post=464561"},{"taxonomy":"product_cat","embeddable":true,"href":"https:\/\/lucacastelli.com\/de\/wp-json\/wp\/v2\/product_cat?post=464561"},{"taxonomy":"product_tag","embeddable":true,"href":"https:\/\/lucacastelli.com\/de\/wp-json\/wp\/v2\/product_tag?post=464561"}],"curies":[{"name":"wp","href":"https:\/\/api.w.org\/{rel}","templated":true}]}}