{"id":464560,"date":"2025-06-01T00:33:35","date_gmt":"2025-05-31T22:33:35","guid":{"rendered":"https:\/\/lucacastelli.com\/prodotto\/kreissaege-mit-hohlmeisselzaehnen-200mm\/"},"modified":"2026-03-09T00:37:10","modified_gmt":"2026-03-08T23:37:10","slug":"kreissaege-mit-hohlmeisselzaehnen-200mm","status":"publish","type":"product","link":"https:\/\/lucacastelli.com\/de\/produkt\/kreissaege-mit-hohlmeisselzaehnen-200mm\/","title":{"rendered":"STIHL Kreiss\u00e4geblatt Mei\u00dfelzahn, 200 mm"},"content":{"rendered":"<h2>Klinge f\u00fcr Kreiss\u00e4ge WoodCut mit Mei\u00dfelz\u00e4hnen: f\u00fcr R\u00e4umungs- und Forstarbeiten<\/h2>\n<p>Mit der STIHL Klinge f\u00fcr Kreiss\u00e4ge WoodCut mit Mei\u00dfelz\u00e4hnen k\u00f6nnen Sie viele <b>verschiedene Forstarbeiten<\/b> besonders effektiv und schnell erledigen. Mit diesem professionellen S\u00e4geblatt k\u00f6nnen Sie <b>knorriges Gestr\u00fcpp oder d\u00fcnne Baumst\u00e4mme<\/b> m\u00fchelos durchtrennen oder direkt <b>R\u00e4umungsarbeiten<\/b> durchf\u00fchren. <\/p>\n<p>Das STIHL WoodCut Kreiss\u00e4geblatt mit Mei\u00dfelz\u00e4hnen ist in 3 Varianten erh\u00e4ltlich: mit einem <b>Durchmesser von 200 mm und 22 Z\u00e4hnen<\/b> und <b>einem Anschluss von 25,4 mm<\/b> oder <b>einem Anschluss von 20 mm<\/b>; die dritte Version hat einen <b>Durchmesser von 225 mm und 24 Z\u00e4hne<\/b>, <b>mit einem Anschluss von 20 mm<\/b>. Dieses Zubeh\u00f6r f\u00fcr STIHL Freischneider und Motorsensen l\u00e4sst sich optimal mit folgenden Ger\u00e4ten verwenden: <\/p>\n<p><b>200 mm Durchmesser, 22 Z\u00e4hne und 25,4 mm Anschluss (Artikelnummer: 4112 713 4203):<\/b><\/p>\n<ul>\n<li><a href=\"https:\/\/www.stihl.de\/de\/p\/rasentrimmer-motorsensen-freischneider-fs-89-75082\"><b>FS 89<\/b><\/a><\/li>\n<li><a href=\"https:\/\/www.stihl.de\/de\/p\/rasentrimmer-motorsensen-freischneider-fs-91-75071\"><b>FS 91<\/b><\/a><\/li>\n<li><a href=\"https:\/\/www.stihl.de\/de\/p\/rasentrimmer-motorsensen-freischneider-fs-111-75093\"><b>FS 111<\/b><\/a><\/li>\n<li><a href=\"https:\/\/www.stihl.de\/de\/p\/rasentrimmer-motorsensen-freischneider-fs-131-75065\"><b>FS 131<\/b><\/a><\/li>\n<li><a href=\"https:\/\/www.stihl.de\/de\/p\/rasentrimmer-motorsensen-freischneider-fs-240-1916\"><b>FS 240 C-E<\/b><\/a><\/li>\n<li><a href=\"https:\/\/www.stihl.de\/de\/p\/rasentrimmer-motorsensen-freischneider-fsa-130-ap-system-76259\"><b>FSA 130<\/b><\/a> (jedoch nicht geeignet f\u00fcr FSA 130 R)<\/li>\n<li><a href=\"https:\/\/www.stihl.de\/de\/p\/rasentrimmer-motorsensen-freischneider-fsa-135-ap-system-126162\"><b>FSA 135<\/b><\/a> (jedoch nicht geeignet f\u00fcr FSA 135 R)<\/li>\n<\/ul>\n<p>Dieses Schneidwerkzeug aus Metall kann auch f\u00fcr die STIHL Freischneider FS 80 und FS 85 verwendet werden, die nicht mehr erh\u00e4ltlich sind.<\/p>\n<p><b>Durchmesser 200 mm, 22 Z\u00e4hne<\/b> und <b>20 mm Anschluss (Artikelnummer: 4119 713 4200)<\/b>:<\/p>\n<ul>\n<li><a href=\"https:\/\/www.stihl.de\/de\/p\/rasentrimmer-motorsensen-freischneider-fs-260-1912\"><b>FS 260 C-E<\/b><\/a><\/li>\n<li><a href=\"https:\/\/www.stihl.de\/de\/p\/rasentrimmer-motorsensen-freischneider-fs-311-75067\"><b>FS 311<\/b><\/a><\/li>\n<li><a href=\"https:\/\/www.stihl.de\/de\/p\/rasentrimmer-motorsensen-freischneider-fs-360-67784\"><b>FS 360 C-EM<\/b><\/a><\/li>\n<li><a href=\"https:\/\/www.stihl.de\/de\/p\/rasentrimmer-motorsensen-freischneider-fs-361-147214\"><b>FS 361 C-EM<\/b><\/a><\/li>\n<li><a href=\"https:\/\/www.stihl.de\/de\/p\/rasentrimmer-motorsensen-freischneider-fs-410-67822\"><b>FS 410<\/b><\/a><\/li>\n<li><a href=\"https:\/\/www.stihl.de\/de\/p\/rasentrimmer-motorsensen-freischneider-fs-411-147215\"><b>FS 411<\/b><\/a><\/li>\n<li><a href=\"https:\/\/www.stihl.de\/de\/p\/rasentrimmer-motorsensen-freischneider-fs-460-1920\"><b>FS 460<\/b><\/a><\/li>\n<li><a href=\"https:\/\/www.stihl.de\/de\/p\/rasentrimmer-motorsensen-freischneider-fs-461-147231\"><b>FS 461<\/b><\/a><\/li>\n<li><a href=\"https:\/\/www.stihl.de\/de\/p\/rasentrimmer-motorsensen-freischneider-fs-490-1973\"><b>FS 490<\/b><\/a><\/li>\n<li><a href=\"https:\/\/www.stihl.de\/de\/p\/rasentrimmer-motorsensen-freischneider-fs-491-135002\"><b>FS 491 C-EM<\/b><\/a><\/li>\n<\/ul>\n<p><b>Durchmesser 225 mm, 24 Z\u00e4hne<\/b> und <b>20 mm Anschluss (Artikelnummer: 4000 713 4201)<\/b>:<\/p>\n<ul>\n<li><a href=\"https:\/\/www.stihl.de\/de\/p\/rasentrimmer-motorsensen-freischneider-fs-260-1912\"><b>FS 260 C-E<\/b><\/a><\/li>\n<li><a href=\"https:\/\/www.stihl.de\/de\/p\/rasentrimmer-motorsensen-freischneider-fs-311-75067\"><b>FS 311<\/b><\/a><\/li>\n<li><a href=\"https:\/\/www.stihl.de\/de\/p\/rasentrimmer-motorsensen-freischneider-fs-360-67784\"><b>FS 360 C-EM<\/b><\/a><\/li>\n<li><a href=\"https:\/\/www.stihl.de\/de\/p\/rasentrimmer-motorsensen-freischneider-fs-361-147214\"><b>FS 361 C-EM<\/b><\/a><\/li>\n<li><a href=\"https:\/\/www.stihl.de\/de\/p\/rasentrimmer-motorsensen-freischneider-fs-410-67822\"><b>FS 410<\/b><\/a><\/li>\n<li><a href=\"https:\/\/www.stihl.de\/de\/p\/rasentrimmer-motorsensen-freischneider-fs-411-147215\"><b>FS 411<\/b><\/a><\/li>\n<li><a href=\"https:\/\/www.stihl.de\/de\/p\/rasentrimmer-motorsensen-freischneider-fs-460-1920\"><b>FS 460<\/b><\/a><\/li>\n<li><a href=\"https:\/\/www.stihl.de\/de\/p\/rasentrimmer-motorsensen-freischneider-fs-461-147231\"><b>FS 461<\/b><\/a><\/li>\n<li><a href=\"https:\/\/www.stihl.de\/de\/p\/rasentrimmer-motorsensen-freischneider-fs-490-1973\"><b>FS 490<\/b><\/a><\/li>\n<li><a href=\"https:\/\/www.stihl.de\/de\/p\/rasentrimmer-motorsensen-freischneider-fs-491-135002\"><b>FS 491 C-EM<\/b><\/a><\/li>\n<li><a href=\"https:\/\/www.stihl.de\/de\/p\/rasentrimmer-motorsensen-freischneider-fs-560-1969+\"><b>FS 560 C-EM<\/b><\/a><\/li>\n<li><a href=\"https:\/\/www.stihl.de\/de\/p\/rasentrimmer-motorsensen-freischneider-fs-561-135011\"><b>FS 561 C-EM<\/b><\/a><\/li>\n<\/ul>\n<p>Die 24-Zahn-Ausf\u00fchrung dieses STIHL WoodCut-S\u00e4geblatts mit Mei\u00dfelz\u00e4hnen kann zus\u00e4tzlich mit dem STIHL Freischneider FS 510 C-EM (nicht mehr verf\u00fcgbar) kombiniert werden.<\/p>\n<p><b>Warnung:<\/b> Verwenden Sie die WoodCut-Klinge f\u00fcr Kreiss\u00e4ge mit Mei\u00dfelz\u00e4hnen zu Ihrer eigenen Sicherheit nur mit einem STIHL Schutz f\u00fcr Kreiss\u00e4gebl\u00e4tter f\u00fcr Freischneider.<\/p>\n","protected":false},"excerpt":{"rendered":"<p>Kreiss\u00e4geblatt Mei\u00dfelzahn, 200 mm<\/p>\n","protected":false},"featured_media":678852,"template":"","meta":{"_seopress_robots_primary_cat":"none","_seopress_titles_title":"","_seopress_titles_desc":"","_seopress_robots_index":""},"product_brand":[3366],"product_cat":[186,29,270],"product_tag":[3265],"class_list":{"0":"post-464560","1":"product","2":"type-product","3":"status-publish","4":"has-post-thumbnail","6":"product_brand-stihl","7":"product_cat-accessori-per-labbigliamento","8":"product_cat-macchinari","9":"product_cat-decespugliatori-e-tagliabordi","10":"product_tag-import-stihl","11":"sws-gruppo-macchinari-de","12":"sws-conto-ricavi-merci-rivendita-macchinari-de","13":"sws-gruppo-iva-iva81-de","15":"first","16":"onbackorder","17":"purchasable","18":"product-type-simple"},"_links":{"self":[{"href":"https:\/\/lucacastelli.com\/de\/wp-json\/wp\/v2\/product\/464560","targetHints":{"allow":["GET"]}}],"collection":[{"href":"https:\/\/lucacastelli.com\/de\/wp-json\/wp\/v2\/product"}],"about":[{"href":"https:\/\/lucacastelli.com\/de\/wp-json\/wp\/v2\/types\/product"}],"wp:featuredmedia":[{"embeddable":true,"href":"https:\/\/lucacastelli.com\/de\/wp-json\/wp\/v2\/media\/678852"}],"wp:attachment":[{"href":"https:\/\/lucacastelli.com\/de\/wp-json\/wp\/v2\/media?parent=464560"}],"wp:term":[{"taxonomy":"product_brand","embeddable":true,"href":"https:\/\/lucacastelli.com\/de\/wp-json\/wp\/v2\/product_brand?post=464560"},{"taxonomy":"product_cat","embeddable":true,"href":"https:\/\/lucacastelli.com\/de\/wp-json\/wp\/v2\/product_cat?post=464560"},{"taxonomy":"product_tag","embeddable":true,"href":"https:\/\/lucacastelli.com\/de\/wp-json\/wp\/v2\/product_tag?post=464560"}],"curies":[{"name":"wp","href":"https:\/\/api.w.org\/{rel}","templated":true}]}}