{"id":464552,"date":"2025-06-01T00:32:59","date_gmt":"2025-05-31T22:32:59","guid":{"rendered":"https:\/\/lucacastelli.com\/prodotto\/kreissaege-hohlmeisselzaehne-225mm\/"},"modified":"2025-06-28T20:11:57","modified_gmt":"2025-06-28T18:11:57","slug":"kreissaege-hohlmeisselzaehne-225mm","status":"publish","type":"product","link":"https:\/\/lucacastelli.com\/de\/produkt\/kreissaege-hohlmeisselzaehne-225mm\/","title":{"rendered":"STIHL Kreiss\u00e4ge Hohlmei\u00dfelz\u00e4hne, 225mm"},"content":{"rendered":"<p>Spezialwerkzeug aus Stahl f\u00fcr holzige B\u00fcsche und junge St\u00e4mme. Geeignet f\u00fcr Freischneider ab mittlerer Leistung.<br \/>\n795711043827 <\/p>\n","protected":false},"excerpt":{"rendered":"<p>Kreiss\u00e4ge Hohlmei\u00dfelz\u00e4hne, 225mm<\/p>\n","protected":false},"featured_media":423402,"template":"","meta":{"_seopress_robots_primary_cat":"","_seopress_titles_title":"","_seopress_titles_desc":"","_seopress_robots_index":""},"product_brand":[3554],"product_cat":[1581,169,1455],"product_tag":[3266],"class_list":{"0":"post-464552","1":"product","2":"type-product","3":"status-publish","4":"has-post-thumbnail","6":"product_brand-stihl-de","7":"product_cat-freischneider-und-trimmer","8":"product_cat-maschinen","9":"product_cat-zubehor-und-verbrauchsmaterial-de","10":"product_tag-import-stihl-de","11":"sws-gruppo-macchinari-de","12":"sws-conto-ricavi-merci-rivendita-macchinari-de","13":"sws-gruppo-iva-iva81-de","15":"first","16":"onbackorder","17":"purchasable","18":"product-type-simple"},"_links":{"self":[{"href":"https:\/\/lucacastelli.com\/de\/wp-json\/wp\/v2\/product\/464552","targetHints":{"allow":["GET"]}}],"collection":[{"href":"https:\/\/lucacastelli.com\/de\/wp-json\/wp\/v2\/product"}],"about":[{"href":"https:\/\/lucacastelli.com\/de\/wp-json\/wp\/v2\/types\/product"}],"wp:featuredmedia":[{"embeddable":true,"href":"https:\/\/lucacastelli.com\/de\/wp-json\/wp\/v2\/media\/423402"}],"wp:attachment":[{"href":"https:\/\/lucacastelli.com\/de\/wp-json\/wp\/v2\/media?parent=464552"}],"wp:term":[{"taxonomy":"product_brand","embeddable":true,"href":"https:\/\/lucacastelli.com\/de\/wp-json\/wp\/v2\/product_brand?post=464552"},{"taxonomy":"product_cat","embeddable":true,"href":"https:\/\/lucacastelli.com\/de\/wp-json\/wp\/v2\/product_cat?post=464552"},{"taxonomy":"product_tag","embeddable":true,"href":"https:\/\/lucacastelli.com\/de\/wp-json\/wp\/v2\/product_tag?post=464552"}],"curies":[{"name":"wp","href":"https:\/\/api.w.org\/{rel}","templated":true}]}}