{"id":464549,"date":"2025-06-01T00:32:49","date_gmt":"2025-05-31T22:32:49","guid":{"rendered":"https:\/\/lucacastelli.com\/prodotto\/drahtspule-fuer-autocut-c-3-2-o-20-mm\/"},"modified":"2025-07-15T17:32:20","modified_gmt":"2025-07-15T15:32:20","slug":"drahtspule-fuer-autocut-c-3-2-o-20-mm","status":"publish","type":"product","link":"https:\/\/lucacastelli.com\/de\/produkt\/drahtspule-fuer-autocut-c-3-2-o-20-mm\/","title":{"rendered":"STIHL Drahtspule f\u00fcr AutoCut C 3-2, \u00d8 2,0 mm"},"content":{"rendered":"<p>F\u00fcr STIHL Akkumulatoren \/ Elektro-Freischneider.<br \/>\n886661947775<\/p>\n","protected":false},"excerpt":{"rendered":"<p>Drahtspule f\u00fcr AutoCut C 3-2, \u00d8 2,0 mm<\/p>\n","protected":false},"featured_media":430196,"template":"","meta":{"_seopress_robots_primary_cat":"","_seopress_titles_title":"","_seopress_titles_desc":"","_seopress_robots_index":""},"product_brand":[3554],"product_cat":[1581,169,1455],"product_tag":[3266],"class_list":{"0":"post-464549","1":"product","2":"type-product","3":"status-publish","4":"has-post-thumbnail","6":"product_brand-stihl-de","7":"product_cat-freischneider-und-trimmer","8":"product_cat-maschinen","9":"product_cat-zubehor-und-verbrauchsmaterial-de","10":"product_tag-import-stihl-de","11":"sws-gruppo-macchinari-de","12":"sws-conto-ricavi-merci-rivendita-macchinari-de","13":"sws-gruppo-iva-iva81-de","15":"first","16":"onbackorder","17":"purchasable","18":"product-type-simple"},"_links":{"self":[{"href":"https:\/\/lucacastelli.com\/de\/wp-json\/wp\/v2\/product\/464549","targetHints":{"allow":["GET"]}}],"collection":[{"href":"https:\/\/lucacastelli.com\/de\/wp-json\/wp\/v2\/product"}],"about":[{"href":"https:\/\/lucacastelli.com\/de\/wp-json\/wp\/v2\/types\/product"}],"wp:featuredmedia":[{"embeddable":true,"href":"https:\/\/lucacastelli.com\/de\/wp-json\/wp\/v2\/media\/430196"}],"wp:attachment":[{"href":"https:\/\/lucacastelli.com\/de\/wp-json\/wp\/v2\/media?parent=464549"}],"wp:term":[{"taxonomy":"product_brand","embeddable":true,"href":"https:\/\/lucacastelli.com\/de\/wp-json\/wp\/v2\/product_brand?post=464549"},{"taxonomy":"product_cat","embeddable":true,"href":"https:\/\/lucacastelli.com\/de\/wp-json\/wp\/v2\/product_cat?post=464549"},{"taxonomy":"product_tag","embeddable":true,"href":"https:\/\/lucacastelli.com\/de\/wp-json\/wp\/v2\/product_tag?post=464549"}],"curies":[{"name":"wp","href":"https:\/\/api.w.org\/{rel}","templated":true}]}}