{"id":464544,"date":"2025-06-01T00:32:43","date_gmt":"2025-05-31T22:32:43","guid":{"rendered":"https:\/\/lucacastelli.com\/prodotto\/autocut-c-3-2-20-mm\/"},"modified":"2026-03-09T00:37:10","modified_gmt":"2026-03-08T23:37:10","slug":"autocut-c-3-2-20-mm","status":"publish","type":"product","link":"https:\/\/lucacastelli.com\/de\/produkt\/autocut-c-3-2-20-mm\/","title":{"rendered":"STIHL AutoCut C 3-2, 2,0 mm"},"content":{"rendered":"<p>pM\u00e4hkopf mit 2 Kunststoffmessern. Ideal zum M\u00e4hen und Ausputzen von Rasenkanten, an B\u00e4umen oder Mauern. Die Messer lassen sich schnell und werkzeuglos wechseln.nbsp;\/p<br \/>\n886661895717  <\/p>\n","protected":false},"excerpt":{"rendered":"<p>AutoCut C 3-2, 2,0 mm<\/p>\n","protected":false},"featured_media":430220,"template":"","meta":{"_seopress_robots_primary_cat":"none","_seopress_titles_title":"","_seopress_titles_desc":"","_seopress_robots_index":""},"product_brand":[3554],"product_cat":[1581,169,1455],"product_tag":[3266],"class_list":{"0":"post-464544","1":"product","2":"type-product","3":"status-publish","4":"has-post-thumbnail","6":"product_brand-stihl-de","7":"product_cat-freischneider-und-trimmer","8":"product_cat-maschinen","9":"product_cat-zubehor-und-verbrauchsmaterial-de","10":"product_tag-import-stihl-de","11":"sws-gruppo-macchinari-de","12":"sws-conto-ricavi-merci-rivendita-macchinari-de","13":"sws-gruppo-iva-iva81-de","15":"first","16":"onbackorder","17":"purchasable","18":"product-type-simple"},"_links":{"self":[{"href":"https:\/\/lucacastelli.com\/de\/wp-json\/wp\/v2\/product\/464544","targetHints":{"allow":["GET"]}}],"collection":[{"href":"https:\/\/lucacastelli.com\/de\/wp-json\/wp\/v2\/product"}],"about":[{"href":"https:\/\/lucacastelli.com\/de\/wp-json\/wp\/v2\/types\/product"}],"wp:featuredmedia":[{"embeddable":true,"href":"https:\/\/lucacastelli.com\/de\/wp-json\/wp\/v2\/media\/430220"}],"wp:attachment":[{"href":"https:\/\/lucacastelli.com\/de\/wp-json\/wp\/v2\/media?parent=464544"}],"wp:term":[{"taxonomy":"product_brand","embeddable":true,"href":"https:\/\/lucacastelli.com\/de\/wp-json\/wp\/v2\/product_brand?post=464544"},{"taxonomy":"product_cat","embeddable":true,"href":"https:\/\/lucacastelli.com\/de\/wp-json\/wp\/v2\/product_cat?post=464544"},{"taxonomy":"product_tag","embeddable":true,"href":"https:\/\/lucacastelli.com\/de\/wp-json\/wp\/v2\/product_tag?post=464544"}],"curies":[{"name":"wp","href":"https:\/\/api.w.org\/{rel}","templated":true}]}}