{"id":464537,"date":"2025-06-01T00:32:34","date_gmt":"2025-05-31T22:32:34","guid":{"rendered":"https:\/\/lucacastelli.com\/prodotto\/polycut-3-2\/"},"modified":"2025-10-09T12:20:06","modified_gmt":"2025-10-09T10:20:06","slug":"polycut-3-2","status":"publish","type":"product","link":"https:\/\/lucacastelli.com\/de\/produkt\/polycut-3-2\/","title":{"rendered":"STIHL PolyCut 3-2"},"content":{"rendered":"<p>PolyCut M\u00e4hkopf. Universelles Werkzeug zum Ausd\u00fcnnen und Bearbeiten gro\u00dfer Fl\u00e4chen. Mit 2 beweglichen Kunststoffmessern.\/p<br \/>\n886661895083<\/p>\n","protected":false},"excerpt":{"rendered":"<p>PolyCut 3-2<\/p>\n","protected":false},"featured_media":430225,"template":"","meta":{"_seopress_robots_primary_cat":"","_seopress_titles_title":"","_seopress_titles_desc":"","_seopress_robots_index":""},"product_brand":[3554],"product_cat":[1581,169,1455],"product_tag":[3266],"class_list":{"0":"post-464537","1":"product","2":"type-product","3":"status-publish","4":"has-post-thumbnail","6":"product_brand-stihl-de","7":"product_cat-freischneider-und-trimmer","8":"product_cat-maschinen","9":"product_cat-zubehor-und-verbrauchsmaterial-de","10":"product_tag-import-stihl-de","11":"sws-gruppo-macchinari-de","12":"sws-conto-ricavi-merci-rivendita-macchinari-de","13":"sws-gruppo-iva-iva81-de","15":"first","16":"onbackorder","17":"purchasable","18":"product-type-simple"},"_links":{"self":[{"href":"https:\/\/lucacastelli.com\/de\/wp-json\/wp\/v2\/product\/464537","targetHints":{"allow":["GET"]}}],"collection":[{"href":"https:\/\/lucacastelli.com\/de\/wp-json\/wp\/v2\/product"}],"about":[{"href":"https:\/\/lucacastelli.com\/de\/wp-json\/wp\/v2\/types\/product"}],"wp:featuredmedia":[{"embeddable":true,"href":"https:\/\/lucacastelli.com\/de\/wp-json\/wp\/v2\/media\/430225"}],"wp:attachment":[{"href":"https:\/\/lucacastelli.com\/de\/wp-json\/wp\/v2\/media?parent=464537"}],"wp:term":[{"taxonomy":"product_brand","embeddable":true,"href":"https:\/\/lucacastelli.com\/de\/wp-json\/wp\/v2\/product_brand?post=464537"},{"taxonomy":"product_cat","embeddable":true,"href":"https:\/\/lucacastelli.com\/de\/wp-json\/wp\/v2\/product_cat?post=464537"},{"taxonomy":"product_tag","embeddable":true,"href":"https:\/\/lucacastelli.com\/de\/wp-json\/wp\/v2\/product_tag?post=464537"}],"curies":[{"name":"wp","href":"https:\/\/api.w.org\/{rel}","templated":true}]}}