{"id":464524,"date":"2025-06-01T00:32:02","date_gmt":"2025-05-31T22:32:02","guid":{"rendered":"https:\/\/lucacastelli.com\/prodotto\/autocut-2-2-20-mm\/"},"modified":"2026-03-09T00:37:09","modified_gmt":"2026-03-08T23:37:09","slug":"autocut-2-2-20-mm","status":"publish","type":"product","link":"https:\/\/lucacastelli.com\/de\/produkt\/autocut-2-2-20-mm\/","title":{"rendered":"STIHL AutoCut 2-2, 2,0 mm"},"content":{"rendered":"<p>pZwei F\u00e4den f\u00fcr M\u00e4h- und Reinigungsarbeiten. Automatische Wiederherstellung der M\u00e4hf\u00e4den durch Druck auf den M\u00e4hkopf.\/p<br \/>\n886661559442<\/p>\n","protected":false},"excerpt":{"rendered":"<p>AutoCut 2-2, 2,0 mm<\/p>\n","protected":false},"featured_media":430183,"template":"","meta":{"_seopress_robots_primary_cat":"none","_seopress_titles_title":"","_seopress_titles_desc":"","_seopress_robots_index":""},"product_brand":[3554],"product_cat":[1581,169,1455],"product_tag":[3266],"class_list":{"0":"post-464524","1":"product","2":"type-product","3":"status-publish","4":"has-post-thumbnail","6":"product_brand-stihl-de","7":"product_cat-freischneider-und-trimmer","8":"product_cat-maschinen","9":"product_cat-zubehor-und-verbrauchsmaterial-de","10":"product_tag-import-stihl-de","11":"sws-gruppo-macchinari-de","12":"sws-conto-ricavi-merci-rivendita-macchinari-de","13":"sws-gruppo-iva-iva81-de","15":"first","16":"onbackorder","17":"purchasable","18":"product-type-simple"},"_links":{"self":[{"href":"https:\/\/lucacastelli.com\/de\/wp-json\/wp\/v2\/product\/464524","targetHints":{"allow":["GET"]}}],"collection":[{"href":"https:\/\/lucacastelli.com\/de\/wp-json\/wp\/v2\/product"}],"about":[{"href":"https:\/\/lucacastelli.com\/de\/wp-json\/wp\/v2\/types\/product"}],"wp:featuredmedia":[{"embeddable":true,"href":"https:\/\/lucacastelli.com\/de\/wp-json\/wp\/v2\/media\/430183"}],"wp:attachment":[{"href":"https:\/\/lucacastelli.com\/de\/wp-json\/wp\/v2\/media?parent=464524"}],"wp:term":[{"taxonomy":"product_brand","embeddable":true,"href":"https:\/\/lucacastelli.com\/de\/wp-json\/wp\/v2\/product_brand?post=464524"},{"taxonomy":"product_cat","embeddable":true,"href":"https:\/\/lucacastelli.com\/de\/wp-json\/wp\/v2\/product_cat?post=464524"},{"taxonomy":"product_tag","embeddable":true,"href":"https:\/\/lucacastelli.com\/de\/wp-json\/wp\/v2\/product_tag?post=464524"}],"curies":[{"name":"wp","href":"https:\/\/api.w.org\/{rel}","templated":true}]}}