{"id":464502,"date":"2025-06-01T00:30:59","date_gmt":"2025-05-31T22:30:59","guid":{"rendered":"https:\/\/lucacastelli.com\/prodotto\/trimcut-c-52-2-o-27-mm\/"},"modified":"2026-03-09T00:37:09","modified_gmt":"2026-03-08T23:37:09","slug":"trimcut-c-52-2-o-27-mm","status":"publish","type":"product","link":"https:\/\/lucacastelli.com\/de\/produkt\/trimcut-c-52-2-o-27-mm\/","title":{"rendered":"STIHL TrimCut C 52-2, \u00d8 2,7 mm"},"content":{"rendered":"<p>pRobuster M\u00e4hkopf mit zwei F\u00e4den f\u00fcr M\u00e4h- und Reinigungsarbeiten. Einfach zu bedienen dank besserer Positionierung der \u00d6ffnungspunkte. Vibrationsreduzierung durch verbesserte Ausgewogenheit.\/p<br \/>\n886661948857<\/p>\n","protected":false},"excerpt":{"rendered":"<p>TrimCut C 52-2, \u00d8 2,7 mm<\/p>\n","protected":false},"featured_media":430145,"template":"","meta":{"_seopress_robots_primary_cat":"none","_seopress_titles_title":"","_seopress_titles_desc":"","_seopress_robots_index":""},"product_brand":[3366],"product_cat":[29,515,270],"product_tag":[3265],"class_list":{"0":"post-464502","1":"product","2":"type-product","3":"status-publish","4":"has-post-thumbnail","6":"product_brand-stihl","7":"product_cat-macchinari","8":"product_cat-accessori-e-materiale-di-consumo-altri-dispositivi","9":"product_cat-decespugliatori-e-tagliabordi","10":"product_tag-import-stihl","11":"sws-gruppo-macchinari-de","12":"sws-conto-ricavi-merci-rivendita-macchinari-de","13":"sws-gruppo-iva-iva81-de","15":"first","16":"onbackorder","17":"purchasable","18":"product-type-simple"},"_links":{"self":[{"href":"https:\/\/lucacastelli.com\/de\/wp-json\/wp\/v2\/product\/464502","targetHints":{"allow":["GET"]}}],"collection":[{"href":"https:\/\/lucacastelli.com\/de\/wp-json\/wp\/v2\/product"}],"about":[{"href":"https:\/\/lucacastelli.com\/de\/wp-json\/wp\/v2\/types\/product"}],"wp:featuredmedia":[{"embeddable":true,"href":"https:\/\/lucacastelli.com\/de\/wp-json\/wp\/v2\/media\/430145"}],"wp:attachment":[{"href":"https:\/\/lucacastelli.com\/de\/wp-json\/wp\/v2\/media?parent=464502"}],"wp:term":[{"taxonomy":"product_brand","embeddable":true,"href":"https:\/\/lucacastelli.com\/de\/wp-json\/wp\/v2\/product_brand?post=464502"},{"taxonomy":"product_cat","embeddable":true,"href":"https:\/\/lucacastelli.com\/de\/wp-json\/wp\/v2\/product_cat?post=464502"},{"taxonomy":"product_tag","embeddable":true,"href":"https:\/\/lucacastelli.com\/de\/wp-json\/wp\/v2\/product_tag?post=464502"}],"curies":[{"name":"wp","href":"https:\/\/api.w.org\/{rel}","templated":true}]}}