{"id":464498,"date":"2025-06-01T00:30:29","date_gmt":"2025-05-31T22:30:29","guid":{"rendered":"https:\/\/lucacastelli.com\/prodotto\/polycut-48-2-maehkopf\/"},"modified":"2026-03-09T00:37:12","modified_gmt":"2026-03-08T23:37:12","slug":"polycut-48-2-maehkopf","status":"publish","type":"product","link":"https:\/\/lucacastelli.com\/de\/produkt\/polycut-48-2-maehkopf\/","title":{"rendered":"STIHL M\u00e4hkopf PolyCut 48-2"},"content":{"rendered":"<p>pUm Ger\u00e4usche zu reduzieren und die Energieeffizienz beim M\u00e4hen von dichtem Gras mit dem Freischneider deutlich zu erh\u00f6hen, ist der M\u00e4hkopf PolyCut 48-2 mit 2 robusten Kunststoffmessern anstelle von M\u00e4hfaden ausgestattet. Dadurch k\u00f6nnen Sie mit Ihrem Akku-Freischneider pro Akkuladung deutlich l\u00e4nger arbeiten. Bei Benzin-Freischneidern f\u00fchrt die Verwendung von Kunststoffmessern zu einem geringeren Kraftstoffverbrauch im Vergleich zum M\u00e4hen mit M\u00e4hfaden.br \/br \/Im Lieferumfang sind auch 6 Ersatz-Kunststoffmesser enthalten. Optional k\u00f6nnen Sie den STIHL PolyCut 48-2 mit einem M\u00e4hfaden mit einem Durchmesser von 2,4 mm oder 2,7 mm ausstatten. Dies ist besonders n\u00fctzlich beim Arbeiten entlang von Bordsteinen oder anderen Hindernissen. Sie k\u00f6nnen die STIHL Kunststoffmesser problemlos austauschen. Nachdem Sie die Welle mit dem im Lieferumfang des Freischneiders enthaltenen Schl\u00fcssel blockiert haben, k\u00f6nnen Sie den M\u00e4hkopf abschrauben und die Freischneidermesser austauschen. Um den Verschlei\u00df zu reduzieren und die Schnitth\u00f6he zu erh\u00f6hen, ist der STIHL PolyCut 48-2 serienm\u00e4\u00dfig mit einer Schutzplatte ausgestattet.\/p<br \/>\n886661537853<\/p>\n","protected":false},"excerpt":{"rendered":"<p>M\u00e4hkopf PolyCut 48-2<\/p>\n","protected":false},"featured_media":430122,"template":"","meta":{"_seopress_robots_primary_cat":"none","_seopress_titles_title":"","_seopress_titles_desc":"","_seopress_robots_index":""},"product_brand":[3554],"product_cat":[169,1455,1581],"product_tag":[3266],"class_list":{"0":"post-464498","1":"product","2":"type-product","3":"status-publish","4":"has-post-thumbnail","6":"product_brand-stihl-de","7":"product_cat-maschinen","8":"product_cat-zubehor-und-verbrauchsmaterial-de","9":"product_cat-freischneider-und-trimmer","10":"product_tag-import-stihl-de","11":"sws-gruppo-macchinari-de","12":"sws-conto-ricavi-merci-rivendita-macchinari-de","13":"sws-gruppo-iva-iva81-de","15":"first","16":"onbackorder","17":"purchasable","18":"product-type-simple"},"_links":{"self":[{"href":"https:\/\/lucacastelli.com\/de\/wp-json\/wp\/v2\/product\/464498","targetHints":{"allow":["GET"]}}],"collection":[{"href":"https:\/\/lucacastelli.com\/de\/wp-json\/wp\/v2\/product"}],"about":[{"href":"https:\/\/lucacastelli.com\/de\/wp-json\/wp\/v2\/types\/product"}],"wp:featuredmedia":[{"embeddable":true,"href":"https:\/\/lucacastelli.com\/de\/wp-json\/wp\/v2\/media\/430122"}],"wp:attachment":[{"href":"https:\/\/lucacastelli.com\/de\/wp-json\/wp\/v2\/media?parent=464498"}],"wp:term":[{"taxonomy":"product_brand","embeddable":true,"href":"https:\/\/lucacastelli.com\/de\/wp-json\/wp\/v2\/product_brand?post=464498"},{"taxonomy":"product_cat","embeddable":true,"href":"https:\/\/lucacastelli.com\/de\/wp-json\/wp\/v2\/product_cat?post=464498"},{"taxonomy":"product_tag","embeddable":true,"href":"https:\/\/lucacastelli.com\/de\/wp-json\/wp\/v2\/product_tag?post=464498"}],"curies":[{"name":"wp","href":"https:\/\/api.w.org\/{rel}","templated":true}]}}