{"id":464489,"date":"2025-06-01T00:29:53","date_gmt":"2025-05-31T22:29:53","guid":{"rendered":"https:\/\/lucacastelli.com\/prodotto\/autocut-27-2\/"},"modified":"2026-03-09T00:37:11","modified_gmt":"2026-03-08T23:37:11","slug":"autocut-27-2","status":"publish","type":"product","link":"https:\/\/lucacastelli.com\/de\/produkt\/autocut-27-2\/","title":{"rendered":"STIHL AutoCut 27-2"},"content":{"rendered":"<p>pDer AutoCut 27-2 M\u00e4hkopf ist der ideale M\u00e4hkopf f\u00fcr Anwender von Akku-Trimmern, die vor allem geringes Gewicht und hohen Arbeitskomfort suchen. Mit seinen 332 g ist er besonders leicht und erm\u00f6glicht dadurch eine gute Balance des Ger\u00e4ts und eine hohe Wendigkeit. Dar\u00fcber hinaus \u00fcberzeugt AutoCut 27-2 durch seine Handhabung. Einfach zu \u00f6ffnen, auch mit Handschuhen, und die Spule f\u00fcr den M\u00e4hfaden l\u00e4sst sich bequem entnehmen.nbsp;\/ppBei h\u00e4ufigem Arbeiten auf rauen Oberfl\u00e4chen wie z. B. Asphalt empfiehlt es sich, die Standardspule des AutoCut 27-2 durch eine deutlich robustere Spule mit Metallschutz zu ersetzen. Das Metallelement reduziert den Verschlei\u00df der Spule und erh\u00f6ht somit deren Lebensdauer erheblich.\/p<br \/>\n886661600113<\/p>\n","protected":false},"excerpt":{"rendered":"<p>AutoCut 27-2<\/p>\n","protected":false},"featured_media":430104,"template":"","meta":{"_seopress_robots_primary_cat":"none","_seopress_titles_title":"","_seopress_titles_desc":"","_seopress_robots_index":""},"product_brand":[3554],"product_cat":[1581,169,1455],"product_tag":[3266],"class_list":{"0":"post-464489","1":"product","2":"type-product","3":"status-publish","4":"has-post-thumbnail","6":"product_brand-stihl-de","7":"product_cat-freischneider-und-trimmer","8":"product_cat-maschinen","9":"product_cat-zubehor-und-verbrauchsmaterial-de","10":"product_tag-import-stihl-de","11":"sws-gruppo-macchinari-de","12":"sws-conto-ricavi-merci-rivendita-macchinari-de","13":"sws-gruppo-iva-iva81-de","15":"first","16":"onbackorder","17":"purchasable","18":"product-type-simple"},"_links":{"self":[{"href":"https:\/\/lucacastelli.com\/de\/wp-json\/wp\/v2\/product\/464489","targetHints":{"allow":["GET"]}}],"collection":[{"href":"https:\/\/lucacastelli.com\/de\/wp-json\/wp\/v2\/product"}],"about":[{"href":"https:\/\/lucacastelli.com\/de\/wp-json\/wp\/v2\/types\/product"}],"wp:featuredmedia":[{"embeddable":true,"href":"https:\/\/lucacastelli.com\/de\/wp-json\/wp\/v2\/media\/430104"}],"wp:attachment":[{"href":"https:\/\/lucacastelli.com\/de\/wp-json\/wp\/v2\/media?parent=464489"}],"wp:term":[{"taxonomy":"product_brand","embeddable":true,"href":"https:\/\/lucacastelli.com\/de\/wp-json\/wp\/v2\/product_brand?post=464489"},{"taxonomy":"product_cat","embeddable":true,"href":"https:\/\/lucacastelli.com\/de\/wp-json\/wp\/v2\/product_cat?post=464489"},{"taxonomy":"product_tag","embeddable":true,"href":"https:\/\/lucacastelli.com\/de\/wp-json\/wp\/v2\/product_tag?post=464489"}],"curies":[{"name":"wp","href":"https:\/\/api.w.org\/{rel}","templated":true}]}}