{"id":464463,"date":"2025-06-01T00:28:50","date_gmt":"2025-05-31T22:28:50","guid":{"rendered":"https:\/\/lucacastelli.com\/prodotto\/supercut-20-2\/"},"modified":"2026-03-09T00:37:12","modified_gmt":"2026-03-08T23:37:12","slug":"supercut-20-2","status":"publish","type":"product","link":"https:\/\/lucacastelli.com\/de\/produkt\/supercut-20-2\/","title":{"rendered":"STIHL SuperCut 20-2"},"content":{"rendered":"<p>2-f\u00e4dig, f\u00fcr M\u00e4h- und Ausputzarbeiten. Automatische Nachstellung des M\u00e4hfadens auf die optimale Schnittl\u00e4nge.<br \/>\n795711043544 <\/p>\n","protected":false},"excerpt":{"rendered":"<p>SuperCut 20-2<\/p>\n","protected":false},"featured_media":430069,"template":"","meta":{"_seopress_robots_primary_cat":"none","_seopress_titles_title":"","_seopress_titles_desc":"","_seopress_robots_index":""},"product_brand":[3554],"product_cat":[169,1455,1581],"product_tag":[3266],"class_list":{"0":"post-464463","1":"product","2":"type-product","3":"status-publish","4":"has-post-thumbnail","6":"product_brand-stihl-de","7":"product_cat-maschinen","8":"product_cat-zubehor-und-verbrauchsmaterial-de","9":"product_cat-freischneider-und-trimmer","10":"product_tag-import-stihl-de","11":"sws-gruppo-macchinari-de","12":"sws-conto-ricavi-merci-rivendita-macchinari-de","13":"sws-gruppo-iva-iva81-de","15":"first","16":"onbackorder","17":"purchasable","18":"product-type-simple"},"_links":{"self":[{"href":"https:\/\/lucacastelli.com\/de\/wp-json\/wp\/v2\/product\/464463","targetHints":{"allow":["GET"]}}],"collection":[{"href":"https:\/\/lucacastelli.com\/de\/wp-json\/wp\/v2\/product"}],"about":[{"href":"https:\/\/lucacastelli.com\/de\/wp-json\/wp\/v2\/types\/product"}],"wp:featuredmedia":[{"embeddable":true,"href":"https:\/\/lucacastelli.com\/de\/wp-json\/wp\/v2\/media\/430069"}],"wp:attachment":[{"href":"https:\/\/lucacastelli.com\/de\/wp-json\/wp\/v2\/media?parent=464463"}],"wp:term":[{"taxonomy":"product_brand","embeddable":true,"href":"https:\/\/lucacastelli.com\/de\/wp-json\/wp\/v2\/product_brand?post=464463"},{"taxonomy":"product_cat","embeddable":true,"href":"https:\/\/lucacastelli.com\/de\/wp-json\/wp\/v2\/product_cat?post=464463"},{"taxonomy":"product_tag","embeddable":true,"href":"https:\/\/lucacastelli.com\/de\/wp-json\/wp\/v2\/product_tag?post=464463"}],"curies":[{"name":"wp","href":"https:\/\/api.w.org\/{rel}","templated":true}]}}