{"id":464455,"date":"2025-06-01T00:58:02","date_gmt":"2025-05-31T22:58:02","guid":{"rendered":"https:\/\/lucacastelli.com\/prodotto\/schulterstueck\/"},"modified":"2025-10-02T23:12:49","modified_gmt":"2025-10-02T21:12:49","slug":"schulterstueck","status":"publish","type":"product","link":"https:\/\/lucacastelli.com\/de\/produkt\/schulterstueck\/","title":{"rendered":"STIHL Schulterst\u00fcck"},"content":{"rendered":"<p>Ideal f\u00fcr komfortables Arbeiten mit STIHL FSA 65, STIHL FSA 85 und STIHL FSA 90 R. Inklusive \u00d6se zur Befestigung.<br \/>\n795711979706<\/p>\n","protected":false},"excerpt":{"rendered":"<p>Schulterst\u00fcck<\/p>\n","protected":false},"featured_media":431426,"template":"","meta":{"_seopress_robots_primary_cat":"","_seopress_titles_title":"","_seopress_titles_desc":"","_seopress_robots_index":""},"product_brand":[3554],"product_cat":[1391,1581,169],"product_tag":[3266],"class_list":{"0":"post-464455","1":"product","2":"type-product","3":"status-publish","4":"has-post-thumbnail","6":"product_brand-stihl-de","7":"product_cat-bekleidungs-accessoires","8":"product_cat-freischneider-und-trimmer","9":"product_cat-maschinen","10":"product_tag-import-stihl-de","11":"sws-gruppo-macchinari-de","12":"sws-conto-ricavi-merci-rivendita-macchinari-de","13":"sws-gruppo-iva-iva81-de","15":"first","16":"onbackorder","17":"purchasable","18":"product-type-simple"},"_links":{"self":[{"href":"https:\/\/lucacastelli.com\/de\/wp-json\/wp\/v2\/product\/464455","targetHints":{"allow":["GET"]}}],"collection":[{"href":"https:\/\/lucacastelli.com\/de\/wp-json\/wp\/v2\/product"}],"about":[{"href":"https:\/\/lucacastelli.com\/de\/wp-json\/wp\/v2\/types\/product"}],"wp:featuredmedia":[{"embeddable":true,"href":"https:\/\/lucacastelli.com\/de\/wp-json\/wp\/v2\/media\/431426"}],"wp:attachment":[{"href":"https:\/\/lucacastelli.com\/de\/wp-json\/wp\/v2\/media?parent=464455"}],"wp:term":[{"taxonomy":"product_brand","embeddable":true,"href":"https:\/\/lucacastelli.com\/de\/wp-json\/wp\/v2\/product_brand?post=464455"},{"taxonomy":"product_cat","embeddable":true,"href":"https:\/\/lucacastelli.com\/de\/wp-json\/wp\/v2\/product_cat?post=464455"},{"taxonomy":"product_tag","embeddable":true,"href":"https:\/\/lucacastelli.com\/de\/wp-json\/wp\/v2\/product_tag?post=464455"}],"curies":[{"name":"wp","href":"https:\/\/api.w.org\/{rel}","templated":true}]}}