{"id":464452,"date":"2025-06-01T00:38:32","date_gmt":"2025-05-31T22:38:32","guid":{"rendered":"https:\/\/lucacastelli.com\/prodotto\/fs-131\/"},"modified":"2025-11-29T06:55:23","modified_gmt":"2025-11-29T05:55:23","slug":"fs-131","status":"publish","type":"product","link":"https:\/\/lucacastelli.com\/de\/produkt\/fs-131\/","title":{"rendered":"STIHL FS 131"},"content":{"rendered":"<p>Extrem leistungsstarker Freischneider zum M\u00e4hen von Fl\u00e4chen mit hartn\u00e4ckigem Gras. Einfacher Startvorgang f\u00fcr leichteres Starten, Lenkergriff, Bedienhebel mit Stopp-Knopf, 4-MIX-Motor\u00ae mit gr\u00f6\u00dferem Tankvolumen f\u00fcr l\u00e4ngere Betriebszeiten, starre Antriebswelle, doppelter Schultergurt.<br \/>\n886661367825 <\/p>\n<p>Hubraum 36,3<br \/>\nLeistung Leistung<\/p>\n<p>Leistung Leistung<br \/>\nLeistung 1,90<br \/>\nCO2 836<\/p>\n","protected":false},"excerpt":{"rendered":"<p>FS 131<\/p>\n","protected":false},"featured_media":430483,"template":"","meta":{"_seopress_robots_primary_cat":"","_seopress_titles_title":"","_seopress_titles_desc":"","_seopress_robots_index":""},"product_brand":[3366],"product_cat":[29,270,280],"product_tag":[3265],"class_list":{"0":"post-464452","1":"product","2":"type-product","3":"status-publish","4":"has-post-thumbnail","6":"product_brand-stihl","7":"product_cat-macchinari","8":"product_cat-decespugliatori-e-tagliabordi","9":"product_cat-decespugliatori-e-tagliabordi-a-motore","10":"product_tag-import-stihl","11":"sws-gruppo-macchinari-de","12":"sws-conto-ricavi-merci-rivendita-macchinari-de","13":"sws-gruppo-iva-iva81-de","15":"first","16":"onbackorder","17":"purchasable","18":"product-type-simple"},"_links":{"self":[{"href":"https:\/\/lucacastelli.com\/de\/wp-json\/wp\/v2\/product\/464452","targetHints":{"allow":["GET"]}}],"collection":[{"href":"https:\/\/lucacastelli.com\/de\/wp-json\/wp\/v2\/product"}],"about":[{"href":"https:\/\/lucacastelli.com\/de\/wp-json\/wp\/v2\/types\/product"}],"wp:featuredmedia":[{"embeddable":true,"href":"https:\/\/lucacastelli.com\/de\/wp-json\/wp\/v2\/media\/430483"}],"wp:attachment":[{"href":"https:\/\/lucacastelli.com\/de\/wp-json\/wp\/v2\/media?parent=464452"}],"wp:term":[{"taxonomy":"product_brand","embeddable":true,"href":"https:\/\/lucacastelli.com\/de\/wp-json\/wp\/v2\/product_brand?post=464452"},{"taxonomy":"product_cat","embeddable":true,"href":"https:\/\/lucacastelli.com\/de\/wp-json\/wp\/v2\/product_cat?post=464452"},{"taxonomy":"product_tag","embeddable":true,"href":"https:\/\/lucacastelli.com\/de\/wp-json\/wp\/v2\/product_tag?post=464452"}],"curies":[{"name":"wp","href":"https:\/\/api.w.org\/{rel}","templated":true}]}}