{"id":464449,"date":"2025-06-01T00:38:35","date_gmt":"2025-05-31T22:38:35","guid":{"rendered":"https:\/\/lucacastelli.com\/prodotto\/fs-131-r\/"},"modified":"2026-01-26T09:25:33","modified_gmt":"2026-01-26T08:25:33","slug":"fs-131-r","status":"publish","type":"product","link":"https:\/\/lucacastelli.com\/de\/produkt\/fs-131-r\/","title":{"rendered":"STIHL FS 131 R"},"content":{"rendered":"<p>Extrem leistungsstarker Freischneider zum M\u00e4hen von Fl\u00e4chen mit hartn\u00e4ckigem Gras. Einfacher Startvorgang f\u00fcr komfortableres Starten, runder Griff, Bedienhebel mit Stopp-Knopf, 4-MIX-Motor\u00ae mit gr\u00f6\u00dferem Tankinhalt f\u00fcr l\u00e4ngere Betriebszeiten, starre Antriebswelle, einfacher Schultergurt.<br \/>\n886661367849 <\/p>\n<p>Hubraum 36,3<br \/>\nLeistung Leistung<\/p>\n<p>Leistung Leistung<br \/>\nLeistung 1,90<br \/>\nCO2 836<\/p>\n","protected":false},"excerpt":{"rendered":"<p>FS 131 R<\/p>\n","protected":false},"featured_media":430495,"template":"","meta":{"_seopress_robots_primary_cat":"","_seopress_titles_title":"","_seopress_titles_desc":"","_seopress_robots_index":""},"product_brand":[3366],"product_cat":[29,270,280],"product_tag":[3265],"class_list":{"0":"post-464449","1":"product","2":"type-product","3":"status-publish","4":"has-post-thumbnail","6":"product_brand-stihl","7":"product_cat-macchinari","8":"product_cat-decespugliatori-e-tagliabordi","9":"product_cat-decespugliatori-e-tagliabordi-a-motore","10":"product_tag-import-stihl","11":"sws-gruppo-macchinari-de","12":"sws-conto-ricavi-merci-rivendita-macchinari-de","13":"sws-gruppo-iva-iva81-de","15":"first","16":"onbackorder","17":"purchasable","18":"product-type-simple"},"_links":{"self":[{"href":"https:\/\/lucacastelli.com\/de\/wp-json\/wp\/v2\/product\/464449","targetHints":{"allow":["GET"]}}],"collection":[{"href":"https:\/\/lucacastelli.com\/de\/wp-json\/wp\/v2\/product"}],"about":[{"href":"https:\/\/lucacastelli.com\/de\/wp-json\/wp\/v2\/types\/product"}],"wp:featuredmedia":[{"embeddable":true,"href":"https:\/\/lucacastelli.com\/de\/wp-json\/wp\/v2\/media\/430495"}],"wp:attachment":[{"href":"https:\/\/lucacastelli.com\/de\/wp-json\/wp\/v2\/media?parent=464449"}],"wp:term":[{"taxonomy":"product_brand","embeddable":true,"href":"https:\/\/lucacastelli.com\/de\/wp-json\/wp\/v2\/product_brand?post=464449"},{"taxonomy":"product_cat","embeddable":true,"href":"https:\/\/lucacastelli.com\/de\/wp-json\/wp\/v2\/product_cat?post=464449"},{"taxonomy":"product_tag","embeddable":true,"href":"https:\/\/lucacastelli.com\/de\/wp-json\/wp\/v2\/product_tag?post=464449"}],"curies":[{"name":"wp","href":"https:\/\/api.w.org\/{rel}","templated":true}]}}