{"id":464439,"date":"2025-06-01T00:37:50","date_gmt":"2025-05-31T22:37:50","guid":{"rendered":"https:\/\/lucacastelli.com\/prodotto\/kreisschere-rg\/"},"modified":"2025-06-28T19:10:51","modified_gmt":"2025-06-28T17:10:51","slug":"kreisschere-rg","status":"publish","type":"product","link":"https:\/\/lucacastelli.com\/de\/produkt\/kreisschere-rg\/","title":{"rendered":"STIHL Kreisschere RG"},"content":{"rendered":"<p>Werkzeug zum Auftragen auf Kantenschneider. Zur effektiven Entfernung von Unkraut auf unterschiedlichen Untergr\u00fcnden, wie z.B. Schotter oder etablierten Oberfl\u00e4chen.<br \/>\nEr erm\u00f6glicht das M\u00e4hen von Unkraut, ohne es tangential zu verteilen, zum Beispiel entlang von Stra\u00dfen und auf Verkehrsinseln. Volle Funktionalit\u00e4t<br \/>\nbei Werkzeugmontage. Kraftvoller Schnitt, minimale Verstopfungsneigung durch Grasschnitt, schneller und einfacher Messerwechsel. F\u00fcr FS 91, FS 94, FS 111, FS 131, FSA 130, FSA 135.<br \/>\n886661867301    <\/p>\n","protected":false},"excerpt":{"rendered":"<p>Kreisschere RG<\/p>\n","protected":false},"featured_media":430443,"template":"","meta":{"_seopress_robots_primary_cat":"","_seopress_titles_title":"","_seopress_titles_desc":"","_seopress_robots_index":""},"product_brand":[3366],"product_cat":[186,29,270],"product_tag":[3265],"class_list":{"0":"post-464439","1":"product","2":"type-product","3":"status-publish","4":"has-post-thumbnail","6":"product_brand-stihl","7":"product_cat-accessori-per-labbigliamento","8":"product_cat-macchinari","9":"product_cat-decespugliatori-e-tagliabordi","10":"product_tag-import-stihl","11":"sws-gruppo-macchinari-de","12":"sws-conto-ricavi-merci-rivendita-macchinari-de","13":"sws-gruppo-iva-iva81-de","15":"first","16":"onbackorder","17":"purchasable","18":"product-type-simple"},"_links":{"self":[{"href":"https:\/\/lucacastelli.com\/de\/wp-json\/wp\/v2\/product\/464439","targetHints":{"allow":["GET"]}}],"collection":[{"href":"https:\/\/lucacastelli.com\/de\/wp-json\/wp\/v2\/product"}],"about":[{"href":"https:\/\/lucacastelli.com\/de\/wp-json\/wp\/v2\/types\/product"}],"wp:featuredmedia":[{"embeddable":true,"href":"https:\/\/lucacastelli.com\/de\/wp-json\/wp\/v2\/media\/430443"}],"wp:attachment":[{"href":"https:\/\/lucacastelli.com\/de\/wp-json\/wp\/v2\/media?parent=464439"}],"wp:term":[{"taxonomy":"product_brand","embeddable":true,"href":"https:\/\/lucacastelli.com\/de\/wp-json\/wp\/v2\/product_brand?post=464439"},{"taxonomy":"product_cat","embeddable":true,"href":"https:\/\/lucacastelli.com\/de\/wp-json\/wp\/v2\/product_cat?post=464439"},{"taxonomy":"product_tag","embeddable":true,"href":"https:\/\/lucacastelli.com\/de\/wp-json\/wp\/v2\/product_tag?post=464439"}],"curies":[{"name":"wp","href":"https:\/\/api.w.org\/{rel}","templated":true}]}}