{"id":464431,"date":"2025-06-01T00:35:24","date_gmt":"2025-05-31T22:35:24","guid":{"rendered":"https:\/\/lucacastelli.com\/prodotto\/umhaengetasche-fuer-die-forstwirtschaft-advance-plus\/"},"modified":"2025-06-28T20:13:04","modified_gmt":"2025-06-28T18:13:04","slug":"umhaengetasche-fuer-die-forstwirtschaft-advance-plus","status":"publish","type":"product","link":"https:\/\/lucacastelli.com\/de\/produkt\/umhaengetasche-fuer-die-forstwirtschaft-advance-plus\/","title":{"rendered":"STIHL Umh\u00e4ngetasche f\u00fcr die Forstwirtschaft ADVANCE PLUS"},"content":{"rendered":"<p>Jetzt mit einem neuen Komforthaken f\u00fcr das schnelle und einfache Anbringen und Entfernen des Trimmers. F\u00fcr FS 100 &#8211; FS 560.<br \/>\n795711956493 <\/p>\n","protected":false},"excerpt":{"rendered":"<p>Umh\u00e4ngetasche f\u00fcr die Forstwirtschaft ADVANCE PLUS<\/p>\n","protected":false},"featured_media":430349,"template":"","meta":{"_seopress_robots_primary_cat":"","_seopress_titles_title":"","_seopress_titles_desc":"","_seopress_robots_index":""},"product_brand":[3366],"product_cat":[186,29,270],"product_tag":[3265],"class_list":{"0":"post-464431","1":"product","2":"type-product","3":"status-publish","4":"has-post-thumbnail","6":"product_brand-stihl","7":"product_cat-accessori-per-labbigliamento","8":"product_cat-macchinari","9":"product_cat-decespugliatori-e-tagliabordi","10":"product_tag-import-stihl","11":"sws-gruppo-macchinari-de","12":"sws-conto-ricavi-merci-rivendita-macchinari-de","13":"sws-gruppo-iva-iva81-de","15":"first","16":"onbackorder","17":"purchasable","18":"product-type-simple"},"_links":{"self":[{"href":"https:\/\/lucacastelli.com\/de\/wp-json\/wp\/v2\/product\/464431","targetHints":{"allow":["GET"]}}],"collection":[{"href":"https:\/\/lucacastelli.com\/de\/wp-json\/wp\/v2\/product"}],"about":[{"href":"https:\/\/lucacastelli.com\/de\/wp-json\/wp\/v2\/types\/product"}],"wp:featuredmedia":[{"embeddable":true,"href":"https:\/\/lucacastelli.com\/de\/wp-json\/wp\/v2\/media\/430349"}],"wp:attachment":[{"href":"https:\/\/lucacastelli.com\/de\/wp-json\/wp\/v2\/media?parent=464431"}],"wp:term":[{"taxonomy":"product_brand","embeddable":true,"href":"https:\/\/lucacastelli.com\/de\/wp-json\/wp\/v2\/product_brand?post=464431"},{"taxonomy":"product_cat","embeddable":true,"href":"https:\/\/lucacastelli.com\/de\/wp-json\/wp\/v2\/product_cat?post=464431"},{"taxonomy":"product_tag","embeddable":true,"href":"https:\/\/lucacastelli.com\/de\/wp-json\/wp\/v2\/product_tag?post=464431"}],"curies":[{"name":"wp","href":"https:\/\/api.w.org\/{rel}","templated":true}]}}